

{"id":4692,"date":"2025-02-20T10:31:51","date_gmt":"2025-02-20T07:31:51","guid":{"rendered":"https:\/\/opdrebruacar.com\/?page_id=4692"},"modified":"2025-02-20T10:31:51","modified_gmt":"2025-02-20T07:31:51","slug":"op-dr-ebru-acar","status":"publish","type":"page","link":"https:\/\/opdrebruacar.com\/en\/op-dr-ebru-acar\/","title":{"rendered":"OP. DR. EBRU ACAR"},"content":{"rendered":"<p>[vc_row css=&#8221;.vc_custom_1467092483549{padding-bottom: 0px !important;}&#8221;][vc_column width=&#8221;1\/2&#8243;][vc_custom_heading text=&#8221;OP. DR. EBRU ACAR<br \/>\nEye Diseases and Health Specialist&#8221; use_theme_fonts=&#8221;yes&#8221;][vc_separator color=&#8221;blue&#8221; style=&#8221;shadow&#8221;][vc_column_text]<\/p>\n<p id=\"u932-5\">Dr. Ebru Acar was born in U\u015fak in 1975. After primary school, she completed her middle and high school education at U\u015fak Anatolian High School. After a 6-year medical education that began in 1993 at Ankara University Faculty of Medicine, she began her specialization in eye diseases and health at \u0130zmir Atat\u00fcrk Training and Research Hospital in 2000.<\/p>\n<p>After receiving her specialization authorization in 2004, she was assigned to Kars State Hospital as an ophthalmologist. She served in the hospital and her own private practice in Kars for 1.5 years. Afterwards, Dr. Ebru Acar returned to \u0130zmir and worked at \u00d6zel Kar\u015f\u0131yaka Eye Hospital, \u00d6zel Egepol Hospital, \u00d6zel Ekol Eye Hospital between 2007-2018.<\/p>\n<p id=\"u932-8\">She is a member of the Turkish Ophthalmology Association and the Turkish Medical Association. He speaks good English.<\/p>\n<p>[\/vc_column_text][vc_empty_space height=&#8221;10px&#8221;][\/vc_column][vc_column width=&#8221;1\/2&#8243;][vc_single_image image=&#8221;4107&#8243; img_size=&#8221;full&#8221; alignment=&#8221;center&#8221; css=&#8221;.vc_custom_1577985274789{margin-bottom: 0px !important;}&#8221;][\/vc_column][\/vc_row]<\/p>\n","protected":false},"excerpt":{"rendered":"<p>[vc_row css=&#8221;.vc_custom_1467092483549{padding-bottom: 0px !important;}&#8221;][vc_column width=&#8221;1\/2&#8243;][vc_custom_heading text=&#8221;OP. DR. EBRU ACAR Eye Diseases and Health Specialist&#8221; use_theme_fonts=&#8221;yes&#8221;][vc_separator color=&#8221;blue&#8221; style=&#8221;shadow&#8221;][vc_column_text] Dr. Ebru Acar was born in U\u015fak in 1975. After primary school, she completed her middle and high school education at U\u015fak Anatolian High School. After a 6-year medical education that began in 1993 at Ankara University Faculty [&hellip;]<\/p>\n","protected":false},"author":1,"featured_media":0,"parent":0,"menu_order":14,"comment_status":"closed","ping_status":"closed","template":"","meta":{"_links_to":"","_links_to_target":""},"_links":{"self":[{"href":"https:\/\/opdrebruacar.com\/en\/wp-json\/wp\/v2\/pages\/4692\/"}],"collection":[{"href":"https:\/\/opdrebruacar.com\/en\/wp-json\/wp\/v2\/pages\/"}],"about":[{"href":"https:\/\/opdrebruacar.com\/en\/wp-json\/wp\/v2\/types\/page\/"}],"author":[{"embeddable":true,"href":"https:\/\/opdrebruacar.com\/en\/wp-json\/wp\/v2\/users\/1\/"}],"replies":[{"embeddable":true,"href":"https:\/\/opdrebruacar.com\/en\/wp-json\/wp\/v2\/comments\/?post=4692"}],"version-history":[{"count":2,"href":"https:\/\/opdrebruacar.com\/en\/wp-json\/wp\/v2\/pages\/4692\/revisions\/"}],"predecessor-version":[{"id":4697,"href":"https:\/\/opdrebruacar.com\/en\/wp-json\/wp\/v2\/pages\/4692\/revisions\/4697\/"}],"wp:attachment":[{"href":"https:\/\/opdrebruacar.com\/en\/wp-json\/wp\/v2\/media\/?parent=4692"}],"curies":[{"name":"wp","href":"https:\/\/api.w.org\/{rel}","templated":true}]}}