

{"id":4642,"date":"2025-02-20T10:18:40","date_gmt":"2025-02-20T07:18:40","guid":{"rendered":"https:\/\/opdrebruacar.com\/?page_id=4642"},"modified":"2025-02-20T11:02:28","modified_gmt":"2025-02-20T08:02:28","slug":"eyelid-diseases","status":"publish","type":"page","link":"https:\/\/opdrebruacar.com\/en\/eyelid-diseases\/","title":{"rendered":"Eyelid Diseases"},"content":{"rendered":"<p>[vc_row][vc_column]<div class=\"row multi-columns-row thememount-portfolio-boxes-wrapper thememount-portfolio-view-default thememount-effect-default thememount-items-col-two thememount-portfolio-design-  \" id=\"thememount-portfolio-id-40904354\"  ><div class=\"thememount-portfolio-text col-xs-12 col-sm-12 col-md-12 col-lg-12\"><\/div><div class=\"thememount-portfolio-boxes col-xs-12 col-sm-12 col-md-12 col-lg-12\"><div class=\"thememount-items-wrapper row multi-columns-row  thememount-portfolio-boxes-inner  row\">\r\n\t\t\t<div class=\"portfolio-box tm-box col-lg-6 col-sm-6 col-md-6 col-xs-12 eyelid-diseases thememount-box\">\r\n\t\t\t\t<div class=\"tm-item\">\r\n\t\t\t\t\t<div class=\"tm-item-thumbnail tedaviler\" data-value=\"\/en\/masses-on-the-eyelid\/\">\r\n\t\t\t\t\t \r\n\t\t\t\t\t\t<img width=\"684\" height=\"342\" src=\"https:\/\/opdrebruacar.com\/wp-content\/uploads\/2020\/01\/g\u00f6z-kapa\u011f\u0131-kitle.jpeg\" class=\"attachment-portfolio-two-column size-portfolio-two-column wp-post-image\" alt=\"\" decoding=\"async\" loading=\"lazy\" srcset=\"https:\/\/opdrebruacar.com\/wp-content\/uploads\/2020\/01\/g\u00f6z-kapa\u011f\u0131-kitle.jpeg 684w, https:\/\/opdrebruacar.com\/wp-content\/uploads\/2020\/01\/g\u00f6z-kapa\u011f\u0131-kitle-300x150.jpeg 300w\" sizes=\"(max-width: 684px) 100vw, 684px\" \/><div class=\"icon-overlay\"><\/div>\t\t\t\t\t\t\t\t\r\n\t\t\t\t<div  class=\"icons\">\r\n\t\t\t\t\t<a href=\"\/en\/masses-on-the-eyelid\/\" class=\"thememount_pf_featured\" title=\"MASSES ON THE EYELID\"><i class=\"tm-social-icon-picture-1\"><\/i><\/a>\r\n\t\t\t\t\t<a href=\"\/en\/masses-on-the-eyelid\/\" class=\"thememount_pf_link\"><i class=\"fa fa-link\"><\/i><\/a>\r\n\t\t\t\t<\/div>\r\n\t\t\t\t\t\t \r\n\t\t\t\t\t<\/div>\r\n\t\t\t\t\t<div class=\"tm-item-content\">\r\n\t\t\t\t\t\t<h4><a href=\"\/en\/masses-on-the-eyelid\/\">MASSES ON THE EYELID<\/a><\/h4>\r\n\t\t\t\t\t\t<p>Eyelid Diseases<\/p>\r\n\t\t\t\t\t<\/div>\r\n\t\t\t\t<\/div>\r\n\t\t\t\t\r\n\t\t\t<\/div>\r\n\t\t\r\n\t\t\t<div class=\"portfolio-box tm-box col-lg-6 col-sm-6 col-md-6 col-xs-12 eyelid-diseases thememount-box\">\r\n\t\t\t\t<div class=\"tm-item\">\r\n\t\t\t\t\t<div class=\"tm-item-thumbnail tedaviler\" data-value=\"\/en\/eyelid-drop-ptosis\/\">\r\n\t\t\t\t\t \r\n\t\t\t\t\t\t<img width=\"684\" height=\"342\" src=\"https:\/\/opdrebruacar.com\/wp-content\/uploads\/2020\/01\/g\u00f6z-kapa\u011f\u0131-d\u00fc\u015fmesi.jpg\" class=\"attachment-portfolio-two-column size-portfolio-two-column wp-post-image\" alt=\"\" decoding=\"async\" loading=\"lazy\" srcset=\"https:\/\/opdrebruacar.com\/wp-content\/uploads\/2020\/01\/g\u00f6z-kapa\u011f\u0131-d\u00fc\u015fmesi.jpg 684w, https:\/\/opdrebruacar.com\/wp-content\/uploads\/2020\/01\/g\u00f6z-kapa\u011f\u0131-d\u00fc\u015fmesi-300x150.jpg 300w\" sizes=\"(max-width: 684px) 100vw, 684px\" \/><div class=\"icon-overlay\"><\/div>\t\t\t\t\t\t\t\t\r\n\t\t\t\t<div  class=\"icons\">\r\n\t\t\t\t\t<a href=\"\/en\/eyelid-drop-ptosis\/\" class=\"thememount_pf_featured\" title=\"EYELID DROP (PTOSIS)\"><i class=\"tm-social-icon-picture-1\"><\/i><\/a>\r\n\t\t\t\t\t<a href=\"\/en\/eyelid-drop-ptosis\/\" class=\"thememount_pf_link\"><i class=\"fa fa-link\"><\/i><\/a>\r\n\t\t\t\t<\/div>\r\n\t\t\t\t\t\t \r\n\t\t\t\t\t<\/div>\r\n\t\t\t\t\t<div class=\"tm-item-content\">\r\n\t\t\t\t\t\t<h4><a href=\"\/en\/eyelid-drop-ptosis\/\">EYELID DROP (PTOSIS)<\/a><\/h4>\r\n\t\t\t\t\t\t<p>Eyelid Diseases<\/p>\r\n\t\t\t\t\t<\/div>\r\n\t\t\t\t<\/div>\r\n\t\t\t\t\r\n\t\t\t<\/div>\r\n\t\t\r\n\t\t\t<div class=\"portfolio-box tm-box col-lg-6 col-sm-6 col-md-6 col-xs-12 eyelid-diseases thememount-box\">\r\n\t\t\t\t<div class=\"tm-item\">\r\n\t\t\t\t\t<div class=\"tm-item-thumbnail tedaviler\" data-value=\"\/en\/eyelid-turning-inward-entropion\/\">\r\n\t\t\t\t\t \r\n\t\t\t\t\t\t<img width=\"684\" height=\"342\" src=\"https:\/\/opdrebruacar.com\/wp-content\/uploads\/2020\/01\/entropion.jpg\" class=\"attachment-portfolio-two-column size-portfolio-two-column wp-post-image\" alt=\"\" decoding=\"async\" loading=\"lazy\" srcset=\"https:\/\/opdrebruacar.com\/wp-content\/uploads\/2020\/01\/entropion.jpg 684w, https:\/\/opdrebruacar.com\/wp-content\/uploads\/2020\/01\/entropion-300x150.jpg 300w\" sizes=\"(max-width: 684px) 100vw, 684px\" \/><div class=\"icon-overlay\"><\/div>\t\t\t\t\t\t\t\t\r\n\t\t\t\t<div  class=\"icons\">\r\n\t\t\t\t\t<a href=\"\/en\/eyelid-turning-inward-entropion\/\" class=\"thememount_pf_featured\" title=\"EYELID TURNING INWARD (ENTROPION)\"><i class=\"tm-social-icon-picture-1\"><\/i><\/a>\r\n\t\t\t\t\t<a href=\"\/en\/eyelid-turning-inward-entropion\/\" class=\"thememount_pf_link\"><i class=\"fa fa-link\"><\/i><\/a>\r\n\t\t\t\t<\/div>\r\n\t\t\t\t\t\t \r\n\t\t\t\t\t<\/div>\r\n\t\t\t\t\t<div class=\"tm-item-content\">\r\n\t\t\t\t\t\t<h4><a href=\"\/en\/eyelid-turning-inward-entropion\/\">EYELID TURNING INWARD (ENTROPION)<\/a><\/h4>\r\n\t\t\t\t\t\t<p>Eyelid Diseases<\/p>\r\n\t\t\t\t\t<\/div>\r\n\t\t\t\t<\/div>\r\n\t\t\t\t\r\n\t\t\t<\/div>\r\n\t\t\r\n\t\t\t<div class=\"portfolio-box tm-box col-lg-6 col-sm-6 col-md-6 col-xs-12 eyelid-diseases thememount-box\">\r\n\t\t\t\t<div class=\"tm-item\">\r\n\t\t\t\t\t<div class=\"tm-item-thumbnail tedaviler\" data-value=\"\/en\/outward-turning-of-the-eyelid-ectropion\/\">\r\n\t\t\t\t\t \r\n\t\t\t\t\t\t<img width=\"684\" height=\"342\" src=\"https:\/\/opdrebruacar.com\/wp-content\/uploads\/2025\/02\/Goz-Kapaklarinin-Disa-Donmesi-Ektropion.jpg\" class=\"attachment-portfolio-two-column size-portfolio-two-column wp-post-image\" alt=\"\" decoding=\"async\" loading=\"lazy\" srcset=\"https:\/\/opdrebruacar.com\/wp-content\/uploads\/2025\/02\/Goz-Kapaklarinin-Disa-Donmesi-Ektropion.jpg 684w, https:\/\/opdrebruacar.com\/wp-content\/uploads\/2025\/02\/Goz-Kapaklarinin-Disa-Donmesi-Ektropion-300x150.jpg 300w\" sizes=\"(max-width: 684px) 100vw, 684px\" \/><div class=\"icon-overlay\"><\/div>\t\t\t\t\t\t\t\t\r\n\t\t\t\t<div  class=\"icons\">\r\n\t\t\t\t\t<a href=\"\/en\/outward-turning-of-the-eyelid-ectropion\/\" class=\"thememount_pf_featured\" title=\"OUTWARD TURNING OF THE EYELID (ECTROPION)\"><i class=\"tm-social-icon-picture-1\"><\/i><\/a>\r\n\t\t\t\t\t<a href=\"\/en\/outward-turning-of-the-eyelid-ectropion\/\" class=\"thememount_pf_link\"><i class=\"fa fa-link\"><\/i><\/a>\r\n\t\t\t\t<\/div>\r\n\t\t\t\t\t\t \r\n\t\t\t\t\t<\/div>\r\n\t\t\t\t\t<div class=\"tm-item-content\">\r\n\t\t\t\t\t\t<h4><a href=\"\/en\/outward-turning-of-the-eyelid-ectropion\/\">OUTWARD TURNING OF THE EYELID (ECTROPION)<\/a><\/h4>\r\n\t\t\t\t\t\t<p>Eyelid Diseases<\/p>\r\n\t\t\t\t\t<\/div>\r\n\t\t\t\t<\/div>\r\n\t\t\t\t\r\n\t\t\t<\/div>\r\n\t\t<\/div><\/div><\/div>[\/vc_column][\/vc_row]<\/p>\n","protected":false},"excerpt":{"rendered":"<p>[vc_row][vc_column][\/vc_column][\/vc_row]<\/p>\n","protected":false},"author":1,"featured_media":0,"parent":0,"menu_order":0,"comment_status":"closed","ping_status":"closed","template":"","meta":{"_links_to":"","_links_to_target":""},"_links":{"self":[{"href":"https:\/\/opdrebruacar.com\/en\/wp-json\/wp\/v2\/pages\/4642\/"}],"collection":[{"href":"https:\/\/opdrebruacar.com\/en\/wp-json\/wp\/v2\/pages\/"}],"about":[{"href":"https:\/\/opdrebruacar.com\/en\/wp-json\/wp\/v2\/types\/page\/"}],"author":[{"embeddable":true,"href":"https:\/\/opdrebruacar.com\/en\/wp-json\/wp\/v2\/users\/1\/"}],"replies":[{"embeddable":true,"href":"https:\/\/opdrebruacar.com\/en\/wp-json\/wp\/v2\/comments\/?post=4642"}],"version-history":[{"count":3,"href":"https:\/\/opdrebruacar.com\/en\/wp-json\/wp\/v2\/pages\/4642\/revisions\/"}],"predecessor-version":[{"id":4718,"href":"https:\/\/opdrebruacar.com\/en\/wp-json\/wp\/v2\/pages\/4642\/revisions\/4718\/"}],"wp:attachment":[{"href":"https:\/\/opdrebruacar.com\/en\/wp-json\/wp\/v2\/media\/?parent=4642"}],"curies":[{"name":"wp","href":"https:\/\/api.w.org\/{rel}","templated":true}]}}