

{"id":4431,"date":"2020-02-04T13:07:04","date_gmt":"2020-02-04T10:07:04","guid":{"rendered":"http:\/\/drebruacar.webfirmam.com.tr\/?page_id=4431"},"modified":"2020-02-04T13:07:04","modified_gmt":"2020-02-04T10:07:04","slug":"kontaktlinsen","status":"publish","type":"page","link":"https:\/\/opdrebruacar.com\/de\/kontaktlinsen\/","title":{"rendered":"KONTAKTLINSEN"},"content":{"rendered":"<p>[vc_row][vc_column][vc_row_inner][vc_column_inner width=&#8220;1\/2&#8243;][vc_column_text]Kontaktlinsen werden verwendet, um Sehst\u00f6rungen zu korrigieren, die Augenfarbe zu \u00e4ndern oder Hornhauterkrankungen zu behandeln.<\/p>\n<p>Kontaktlinsen haben sich im 19. Jahrhundert entwickelt und erstrecken sich auf d\u00fcnne Hornhaut-Kunststofflinsen aus mundgeblasenem Glas, die die Vorderseite der Pupille vollst\u00e4ndig bedecken. Heutzutage ist die Vielfalt der Linsen, Materialien und die Verwendungsm\u00f6glichkeiten sind vielf\u00e4ltig.[\/vc_column_text][\/vc_column_inner][vc_column_inner width=&#8220;1\/2&#8243;][vc_single_image image=&#8220;4215&#8243; img_size=&#8220;full&#8220; alignment=&#8220;center&#8220;][\/vc_column_inner][\/vc_row_inner][\/vc_column][\/vc_row][vc_row][vc_column][vc_column_text]Der Augenarzt f\u00fchrt eine Augenuntersuchung durch, um die f\u00fcr die Augenstruktur geeigneten Kontaktlinsen auszuw\u00e4hlen. Linsentyp, -grad, -grundkr\u00fcmmung und -durchmesser, die bei der Untersuchung verwendet werden sollen, werden bestimmt. Eine Linse wird gleichzeitig oder so nah wie m\u00f6glich an der Dioptrie angebracht, um die Kompatibilit\u00e4t zu bestimmen. Die Bewegung, Balance und der Durchschnitt der Linse werden untersucht.[\/vc_column_text][vc_row_inner][vc_column_inner width=&#8220;1\/2&#8243;][vc_single_image image=&#8220;4217&#8243; img_size=&#8220;full&#8220; alignment=&#8220;center&#8220;][\/vc_column_inner][vc_column_inner width=&#8220;1\/2&#8243;][vc_column_text]<\/p>\n<h4>Geeignete Kontaktlinsenkriterien<\/h4>\n<p>Kontaktlinsen sollen so hergestellt werden, dass es auf der Hornhaut stehen bleibt. Sie bleiben an Ort und Stelle, indem sie am Tr\u00e4nenfilm, der den vorderen Teil des Auges bedeckt, und mit dem Druck der Augenlider haften.<\/p>\n<p>W\u00e4hrend des Augenzwinkern, gleitet das Augenlid \u00fcber die Oberfl\u00e4che der Kontaktlinse, wodurch sich diese leicht vor ihr bewegt. Diese Bewegung erm\u00f6glicht es den Tr\u00e4nen, die notwendige Gl\u00e4tte zu erzeugen und hilft, die Tr\u00fcmmer wegzusp\u00fclen.[\/vc_column_text][\/vc_column_inner][\/vc_row_inner][vc_column_text]Sehr enge Linsen bewegen sich \u00fcberhaupt nicht. Dies kann zu Augenempfindlichkeit f\u00fchren. Der Nutzer mag sich zun\u00e4chst wohl f\u00fchlen, aber die Sehsch\u00e4rfe verschlechtert sich. Dies kann \u00fcber eine l\u00e4ngere Zeit zu Komplikationen f\u00fchren.<\/p>\n<p>Zu lockere Linsen bewegen sich \u00fcberm\u00e4ssig. Das untere Augenlid f\u00fchlt somit die Linse extrem. Daher ist das Erscheinungsbild nach dem Blinzeln sehr unscharf. Die Linse tritt aus der Mitte aus, weshalb sich somit die Linsenkanten einbiegen k\u00f6nnen.<\/p>\n<ul>\n<li>Die f\u00fcr das Auge geeignete Linse ist gut zentriert und umh\u00fcllt die Hornhaut.<\/li>\n<li>Die Linse sollte sich f\u00fcr die Tr\u00e4nenzirkulation leicht bewegen. Es sollte sich im Push-up-Test und nach dem Blinken 1 mm vertikal bewegen k\u00f6nnen.<\/li>\n<li>Der Benutzer sollte klar und bequem sehen und die Linse nicht f\u00fchlen.<\/li>\n<li>Das Sehverm\u00f6gen sollte sich nach dem Blinken nicht \u00e4ndern.<\/li>\n<li>Der Randstreifen sollte keinen Druck auf das Auge aus\u00fcben.<\/li>\n<li>Mit Kontaktlinsen sollten nicht geschlafen werden. Man sollte nicht mit den Linsen das Meer oder den Pool betreten.<\/li>\n<li>Nehmen Sie bei Verwendung von Kontaktlinsen die Linse sofort heraus und wenden Sie sich an einen Arzt, wenn diese R\u00f6tung oder ein stechendes Gef\u00fchl in Ihren Augen hervorruft.<\/li>\n<\/ul>\n<h4>Physikalische Eigenschaften von Linsen<\/h4>\n<p><strong>R\u00fcckseite:<\/strong> Dies ist der Teil der Linse, der mit der Hornhaut in Kontakt kommt.<\/p>\n<p><strong>Vorderseite:<\/strong> Es ist das Gesicht der Linse, das nicht mit der Hornhaut in Ber\u00fchrung kommt. Es ist geneigt, die Lichtbrechung so weit zu \u00e4ndern, wie es zur Korrektur des Brechungsfehlers erforderlich ist.<\/p>\n<p><strong>Grundkurve (Bace-Kurve):<\/strong> Damit sich eine Linse wohlf\u00fchlt, m\u00fcssen die hintere Oberfl\u00e4che des Auges und die vordere Oberfl\u00e4che der Hornhaut in Harmonie und \u00e4hnlicher Neigung sein. Die Grundkurve ist der Radius des optischen Bereichs der R\u00fcckfl\u00e4che. Es ist einer der wichtigsten Parameter, da es eine Neigung aufweist, um die Linse an das Auge anzupassen. In F\u00e4llen, in denen die eingesetzte Linse zu eng ist, sollte die Basiskurve vergr\u00f6ssert werden und umgekehrt.<\/p>\n<p>Die gr\u00f6ssere Basiskurve ist gerade und heisst <strong>FLAT<\/strong>. Die kleinere Basiskurve ist gekr\u00fcmmt und heisst <strong>STEEP<\/strong>.<\/p>\n<p><strong>Durchmesser:<\/strong> Dies ist das Mass in mm, das von der \u00e4ussersten Kante der Linse zur anderen Kante gemessen wird. Der Durchmesser beeinflusst die Anpassung der Linse an das Auge. Bei weichen Objektiven liegen diese Werte bei harten Objektiven mit 13,5 \/ 14,5 mm zwischen 7 \/ mm.[\/vc_column_text][\/vc_column][\/vc_row]<\/p>\n","protected":false},"excerpt":{"rendered":"<p>[vc_row][vc_column][vc_row_inner][vc_column_inner width=&#8220;1\/2&#8243;][vc_column_text]Kontaktlinsen werden verwendet, um Sehst\u00f6rungen zu korrigieren, die Augenfarbe zu \u00e4ndern oder Hornhauterkrankungen zu behandeln. Kontaktlinsen haben sich im 19. Jahrhundert entwickelt und erstrecken sich auf d\u00fcnne Hornhaut-Kunststofflinsen aus mundgeblasenem Glas, die die Vorderseite der Pupille vollst\u00e4ndig bedecken. Heutzutage ist die Vielfalt der Linsen, Materialien und die Verwendungsm\u00f6glichkeiten sind vielf\u00e4ltig.[\/vc_column_text][\/vc_column_inner][vc_column_inner width=&#8220;1\/2&#8243;][vc_single_image image=&#8220;4215&#8243; img_size=&#8220;full&#8220; alignment=&#8220;center&#8220;][\/vc_column_inner][\/vc_row_inner][\/vc_column][\/vc_row][vc_row][vc_column][vc_column_text]Der [&hellip;]<\/p>\n","protected":false},"author":1,"featured_media":0,"parent":0,"menu_order":0,"comment_status":"closed","ping_status":"closed","template":"","meta":{"_links_to":"","_links_to_target":""},"_links":{"self":[{"href":"https:\/\/opdrebruacar.com\/de\/wp-json\/wp\/v2\/pages\/4431\/"}],"collection":[{"href":"https:\/\/opdrebruacar.com\/de\/wp-json\/wp\/v2\/pages\/"}],"about":[{"href":"https:\/\/opdrebruacar.com\/de\/wp-json\/wp\/v2\/types\/page\/"}],"author":[{"embeddable":true,"href":"https:\/\/opdrebruacar.com\/de\/wp-json\/wp\/v2\/users\/1\/"}],"replies":[{"embeddable":true,"href":"https:\/\/opdrebruacar.com\/de\/wp-json\/wp\/v2\/comments\/?post=4431"}],"version-history":[{"count":2,"href":"https:\/\/opdrebruacar.com\/de\/wp-json\/wp\/v2\/pages\/4431\/revisions\/"}],"predecessor-version":[{"id":4434,"href":"https:\/\/opdrebruacar.com\/de\/wp-json\/wp\/v2\/pages\/4431\/revisions\/4434\/"}],"wp:attachment":[{"href":"https:\/\/opdrebruacar.com\/de\/wp-json\/wp\/v2\/media\/?parent=4431"}],"curies":[{"name":"wp","href":"https:\/\/api.w.org\/{rel}","templated":true}]}}