

{"id":4426,"date":"2020-02-04T13:01:12","date_gmt":"2020-02-04T10:01:12","guid":{"rendered":"http:\/\/drebruacar.webfirmam.com.tr\/?page_id=4426"},"modified":"2020-02-13T14:38:50","modified_gmt":"2020-02-13T11:38:50","slug":"faltenbehandlung-der-augenpartie-und-botulin-toxin-injektionen","status":"publish","type":"page","link":"https:\/\/opdrebruacar.com\/de\/faltenbehandlung-der-augenpartie-und-botulin-toxin-injektionen\/","title":{"rendered":"FALTENBEHANDLUNG DER AUGENPARTIE UND BOTULIN-TOXIN-INJEKTIONEN"},"content":{"rendered":"<p>[vc_row][vc_column][vc_row_inner][vc_column_inner width=&#8220;1\/2&#8243;][vc_column_text]<\/p>\n<h4>Was ist Botulinumtoxin?<\/h4>\n<p>Botulinumtoxin ist ein Medikament. Es wird zur Behandlung vieler Krankheiten eingesetzt. Es wurde festgestellt, dass w\u00e4hrend der Behandlung mit Strabismus die Linien entfernt wurden und der Einsatz im \u00e4sthetischen Bereich begann. Es wird wirksam, indem die Funktion der Muskeln gestoppt wird. Sie k\u00f6nnen nicht die Augenbrauen zusammenziehen, daher verschwindet die Linie zwischen den Augenbrauen. Da Ihre Stirnmuskeln nicht funktionieren, verschwinden auch Ihre Stirnfalten. Ebenfalls verschwinden die Kr\u00e4henfuss-Falten, da Ihre Muskeln der Augenpartie beim Lachen nicht vollst\u00e4ndig funktionieren.[\/vc_column_text][\/vc_column_inner][vc_column_inner width=&#8220;1\/2&#8243;][vc_single_image image=&#8220;4252&#8243; img_size=&#8220;full&#8220; alignment=&#8220;center&#8220;][\/vc_column_inner][\/vc_row_inner][\/vc_column][\/vc_row][vc_row][vc_column][vc_column_text]<\/p>\n<h4>Was bringt es?<\/h4>\n<p>Es wird haupts\u00e4chlich zur Faltenentfernung, was ab\u00e4ngig von den Gesichtsbewegungen ist, Augenbrauenhebung, Reduzierung von herabh\u00e4ngenden Bereichen in Gesichtern und bei regionalem \u00fcberm\u00e4ssigem Schwitzen verwendet.<\/p>\n<h4>Wie funktioniert es?<\/h4>\n<p>Acetylcholin (ACh) ist eine wichtige Substanz, das die Muskeln in Bewegung versetzt. Das Botulinumtoxin verbindet sich an die Stelle der Proteinen, wo sich an den Muskeln die ACh-Sekretion absetzt. Somit verhindert es die Bewegung der Muskeln, indem es die chemische Absonderung von ACh verhindert. Die Wirkung der Verringerung der Funktion der Muskeln ist nicht dauerhaft. Ungef\u00e4hr 3 bis 5 Monate sp\u00e4ter hat sich die neue Nervenmuskelstruktur entwickelt und die Muskelbewegung beginnt erneut.<\/p>\n<h4>Bei welchen kosmetischen Beschwerden kann es verwendet werden?<\/h4>\n<ul>\n<li>Gesichtsfalten zwischen der Stirn und den Augenbrauen<\/li>\n<li>Falten um den Augen<\/li>\n<li>Falten am Halsbereich<\/li>\n<li>Herabh\u00e4ngende Wangen<\/li>\n<li>Achsel-, Hand- und Fussschweiss<\/li>\n<\/ul>\n<h4>Wie lange dauert die Anwendung?<\/h4>\n<p>Der Vorgang dauert ca. 10 Minuten. Bestimmte Stellen im Behandlungsbereich werden mit Hilfe von 31 g feinen Nadeln medikament\u00f6s behandelt. An den Nadelbereichen k\u00f6nnen linsengrosse Schwellungen auftreten. Diese Schwellungen bilden sich in einer halben Stunde zur\u00fcck.<\/p>\n<h4>Wie h\u00e4ufig sollte es angewendet werden?<\/h4>\n<p>Es kann alle 4-6 Monate wiederholt werden.<\/p>\n<h4>F\u00fchlt man w\u00e4hrend der Behandlung Schmerzen?<\/h4>\n<p>Da die zu anwendende Menge gering ist, die Nadeln d\u00fcnn sind und nur auf den Bereichen aufgetragen werden, in dem die Falten entfernt werden sollen, ist das F\u00fchlen von Schmerzen sehr gering. Es ist keine An\u00e4sthesie erforderlich.<\/p>\n<h4>Wann sind die Ergebnisse zu sehen?<\/h4>\n<p>Die Wirkung beginnt 3 Tage nach der Anwendung und manifestiert sich vollst\u00e4ndig in 7-15 Tagen.<\/p>\n<h4>Wann sollte es kontrolliert werden?<\/h4>\n<p>Ungef\u00e4hr 1-2 Wochen nach dem Eingriff werden die unzureichenden Bereiche oder Asymmetrien korrigiert.<\/p>\n<h4>Wie lange h\u00e4lt die Wirkung an?<\/h4>\n<p>Die Wirksamkeit der Behandlung kann 3 bis 5 Monate andauern.<\/p>\n<p>W\u00e4hrend die Wirkung von Botulinum abnimmt, stechen langsam die Falten hervor. Es wird jedoch nicht so tief und deutlich sein wie zuvor.<\/p>\n<h4>Was ist nach dem Eingriff zu beachten?<\/h4>\n<p>Man sollte sich nach dem Eingriff etwa 4 Stunden lang nicht aufs Geischt hinlegen und sich nicht nach vorne beugen. An den Bereichen, wo die Injektionen verabreicht wurden sind, sollten nicht massiert werden und Anwendungen, wie z.B. Hautpflege, sollten mindestens 10 Tage nach der Verabreichung des Toxins verschoben werden.<\/p>\n<h4>An wen wird es nicht angewendet?<\/h4>\n<p>Das Botox-Effekt nimmt in Aminoglykosid, Ca-Kanalblocker (Blutdruckmedikamente), Penicillamin, Chinin, Magnesium und Cyclosporin ab. Es wird nicht bei Patienten mit Muskelerkrankungen angewendet, die Schwanger sind oder stillen. Im Falle einer Infektion und eines Ekzems in dem zu behandelnden Bereich wird die Anwendung nicht durchgef\u00fchrt.<\/p>\n<p>Bei manchen Menschen sind Mimikerscheinungen sogar beim Ausruhen erkennbar. F\u00fcllungen f\u00fchren bei dieser Personengruppe zu besseren Ergebnissen als bei Botulinum-Anwendungen, weil Botulinum Falten, die Bewegungsverbindent sind entfernt. Obwohl keine Bewegungen vorhanden sind, ist es f\u00fcr die tiefen Falten nicht ausreichend, weshalb f\u00fcr solche Falten F\u00fcllungen angewendet werden sollten.<\/p>\n<p>Wenn die Patienten \u00fcber 65 Jahre alt sind, sind die Muskeln schlaff, somit erh\u00f6ht das Medikament die Wahrscheinlichkeit, an anderen Muskeln zu \u00fcbergehen, anstatt auf den zu behandelnden Muskel. Somit steigt die Wahrscheinlichkeit von tiefliegenden Augenbrauen und Augenlidern.<\/p>\n<h4>Was sind die Nebenwirkungen?<\/h4>\n<p>Botulinum-Anwendungen haben nur sehr wenige Nebenwirkungen. Viele Patienten k\u00f6nnen unmittelbar nach der Behandlung in ihren Alltag und zu ihrer Arbeit zur\u00fcckkehren. Nach den meisten Eingriffen kann es am n\u00e4chsten Tag zu vor\u00fcbergehenden blauen Flecken kommen. Bei den Augenbrauen und dem Gesicht k\u00f6nnen minimale Asymmetrien vorhanden sein. Diese Situation kann leicht durch eine Kontrolle behoben werden, die eine Woche nach dem Eingriff durchgef\u00fchrt wird. Anwendungen an der Augenpartie und der Stirn k\u00f6nnen Nebenwirkungen, wie vor\u00fcbergehende Erschlaffungen der Augenbrauen und Augenlider und Doppelsehen auftreten. Diese sehr seltenen Nebenwirkungen bilden sich innerhalb von 1-2 Monaten spontan zur\u00fcck. W\u00e4hrend des Wartens auf das Vergehen der Nebenwirkungen, kann das verursachte Unbehagen durch die Verwendung spezieller Augentropfen beseitigt werden.<\/p>\n<h4>K\u00f6nnte die Anwendung manchmal unwirksam sein?<\/h4>\n<p>Manchmal ist die Dosis von Botox nicht ausreichend. Insbesondere bei M\u00e4nnern k\u00f6nnen sehr hohe Dosen in der Linie zwischen den Augenbrauen erforderlich sein.<\/p>\n<p>Durch die Entwicklung von Antik\u00f6rpern gegen Botox kann der Prozess unwirksam werden. Dies ist vor allem bei hochdosierten neurologischen Patienten zu beobachten. Um bei kosmetischen Eingriffen keine Antik\u00f6rper zu entwickeln, sollte der Eingriff nicht l\u00e4nger als 3 Monate und eine Korrektur sollte nicht h\u00e4ufig durchgef\u00fchrt werden.<\/p>\n<h4>Wie lange wirkt es sich auf die Arbeit und das soziale Leben aus?<\/h4>\n<p>Sie k\u00f6nnen unmittelbar danach in den Alltag zur\u00fcckkehren. In seltenen F\u00e4llen k\u00f6nnen vor\u00fcbergehend Bluterg\u00fcsse und R\u00f6tungen auftreten. Prellungen k\u00f6nnen mit Make-up bedeckt werden.<\/p>\n<h4>Was ist vor dem Eingriff zu beachten?<\/h4>\n<p>Diejenigen, die Aspirin und Schmerzmittel, Blutverd\u00fcnner, gr\u00fcnen Tee, Gingko, Knoblauch, Ginseng, Echinacea, Fisch\u00f6l, Vitamin C und Vitamin E verwenden, sind einem hohen Risiko von Bluterg\u00fcssen ausgesetzt. Wenn m\u00f6glich, ist es vorteilhaft, diese Medikamente 5-7 Tage vor der Behandlung nicht einzunehmen.<\/p>\n<h4>Kann Botulinum mit anderen Methoden zur Hauterneuerung verwendet werden?<\/h4>\n<p>Die Wirksamkeit der Behandlungen kann durch die Durchf\u00fchrung von Hauterneuerungsverfahren wie Mesolift, PRP, Laser und Dermapen gesteigert werden. Es w\u00e4re beser Botulinum-Anwendungen nach diesen Verfahren durchzuf\u00fchren, weil die Prozesse, die die Haut erneuern, die Wirkungszeit von Botulinum verk\u00fcrzen.[\/vc_column_text][\/vc_column][\/vc_row]<\/p>\n","protected":false},"excerpt":{"rendered":"<p>[vc_row][vc_column][vc_row_inner][vc_column_inner width=&#8220;1\/2&#8243;][vc_column_text] Was ist Botulinumtoxin? Botulinumtoxin ist ein Medikament. Es wird zur Behandlung vieler Krankheiten eingesetzt. Es wurde festgestellt, dass w\u00e4hrend der Behandlung mit Strabismus die Linien entfernt wurden und der Einsatz im \u00e4sthetischen Bereich begann. Es wird wirksam, indem die Funktion der Muskeln gestoppt wird. Sie k\u00f6nnen nicht die Augenbrauen zusammenziehen, daher verschwindet die [&hellip;]<\/p>\n","protected":false},"author":1,"featured_media":0,"parent":0,"menu_order":0,"comment_status":"closed","ping_status":"closed","template":"","meta":{"_links_to":"","_links_to_target":""},"_links":{"self":[{"href":"https:\/\/opdrebruacar.com\/de\/wp-json\/wp\/v2\/pages\/4426\/"}],"collection":[{"href":"https:\/\/opdrebruacar.com\/de\/wp-json\/wp\/v2\/pages\/"}],"about":[{"href":"https:\/\/opdrebruacar.com\/de\/wp-json\/wp\/v2\/types\/page\/"}],"author":[{"embeddable":true,"href":"https:\/\/opdrebruacar.com\/de\/wp-json\/wp\/v2\/users\/1\/"}],"replies":[{"embeddable":true,"href":"https:\/\/opdrebruacar.com\/de\/wp-json\/wp\/v2\/comments\/?post=4426"}],"version-history":[{"count":3,"href":"https:\/\/opdrebruacar.com\/de\/wp-json\/wp\/v2\/pages\/4426\/revisions\/"}],"predecessor-version":[{"id":4497,"href":"https:\/\/opdrebruacar.com\/de\/wp-json\/wp\/v2\/pages\/4426\/revisions\/4497\/"}],"wp:attachment":[{"href":"https:\/\/opdrebruacar.com\/de\/wp-json\/wp\/v2\/media\/?parent=4426"}],"curies":[{"name":"wp","href":"https:\/\/api.w.org\/{rel}","templated":true}]}}