

{"id":4418,"date":"2020-02-04T12:47:46","date_gmt":"2020-02-04T09:47:46","guid":{"rendered":"http:\/\/drebruacar.webfirmam.com.tr\/?page_id=4418"},"modified":"2020-02-04T12:47:46","modified_gmt":"2020-02-04T09:47:46","slug":"excimer-laser","status":"publish","type":"page","link":"https:\/\/opdrebruacar.com\/de\/excimer-laser\/","title":{"rendered":"EXCIMER-LASER"},"content":{"rendered":"<p>[vc_row][vc_column][vc_row_inner][vc_column_inner width=&#8220;1\/2&#8243;][vc_column_text]<\/p>\n<h4>Was ist ein Excimer-Laser?<\/h4>\n<p>Es ist ein UV-Laser mit einer Wellenl\u00e4nge von 193 nm, der durch elektrische Stimulation des Argon-Fluorid-Gasgemisches erhalten wird. Es wird seit mehr als 25 Jahren zur Behandlung von Brechungsfehlern eingesetzt. Es ist ein sehr empfindliches Ger\u00e4t.<\/p>\n<h4>Wer kann von einer Laserbehandlung gebrauch machen?<\/h4>\n<ol>\n<li>Personen ohne systemische Erkrankung (Diabetes &#8211; Rheuma usw.) und chronische Augenkrankheiten (Glaukom-Uveitis-Gelbfleckenkrankheit usw.) im Alter von 18 bis 60 Jahren,<\/li>\n<li>Frauen, die sich nicht in der Schwangerschafts-, Wochenbett- und Stillzeit befinden,<\/li>\n<li>Personen, die in der letzten Zeit keine gravierende Ver\u00e4nderung des Brechungsindex erlebt haben<\/li>\n<li>Von dieser Behandlung k\u00f6nnen Kurzsichtige, Weitsichtige und Personen mit Astigmatismus gebrauch machen, deren Hornhautdicke ausreichend und zur Gl\u00e4ttung der Oberfl\u00e4che geeignet ist.<\/li>\n<\/ol>\n<p>[\/vc_column_text][\/vc_column_inner][vc_column_inner width=&#8220;1\/2&#8243;][vc_single_image image=&#8220;4198&#8243; img_size=&#8220;full&#8220; alignment=&#8220;center&#8220;][\/vc_column_inner][\/vc_row_inner][\/vc_column][\/vc_row][vc_row][vc_column][vc_row_inner][vc_column_inner width=&#8220;1\/2&#8243;][vc_single_image image=&#8220;4200&#8243; img_size=&#8220;full&#8220; alignment=&#8220;center&#8220;][\/vc_column_inner][vc_column_inner width=&#8220;1\/2&#8243;][vc_column_text]<\/p>\n<h4>Woran erkenne ich, ob meine Augen geeignet sind oder auch nicht?<\/h4>\n<p>Eine detaillierte Augenuntersuchung ist erforderlich. Ihr Sehverm\u00f6gen, die Erkennung Ihrer Augenerkrankung, die Messung des Augendrucks und die biomikroskopischen Untersuchungen werden durchgef\u00fchrt. Anschliessend werden die Pupillen mit Augentropfen vergr\u00f6ssert, die Augenzahlen erneut mit Tropfen bestimmt und der Augenboden (Gef\u00e4ssstruktur der Netzhaut und Augennerven) detailliert untersucht.<\/p>\n<p>Da die Pupillen bei der Untersuchung durch Tropfen vergr\u00f6ssert werden, kann das leichte und verschwommene Sehen unangenehm sein und 24 Stunden andauern. Diejenigen, die fahren werden, m\u00fcssen diese Situation ber\u00fccksichtigen.[\/vc_column_text][\/vc_column_inner][\/vc_row_inner][vc_column_text]<strong>Untersuchungen:<\/strong> Neben einer detaillierten Augenuntersuchung werden Hornhauttopographie, Pachymetrie, Epitheldickenkarte und Pupillometer durchgef\u00fchrt. Die Form und Dicke der Hornhautschicht werden mit diesen Untersuchungen bewertet.<\/p>\n<h4>Was muss ich tun, bevor ich zur Untersuchung komme?<\/h4>\n<p>Diejenigen, die weiche Linsen verwenden, sollten ihre Linsen eine Woche und die gasdurchl\u00e4ssige halbstarre Linsen verwenden, sollten ihre Linsen drei Wochen vorher absetzen.<\/p>\n<h4><strong>Was ist die Wavefront-Lasertherapie?<\/strong><\/h4>\n<p>Optische Fehler im Auge beschr\u00e4nken sich nicht nur auf Kurzsichtigkeit, Weitsichtigkeit und Astigmatismus. Genau wie bei einem Fingerabdruck sind die optischen Eigenschaften des Auges sehr pers\u00f6nlich. Diese optischen Defekte, die als hochgradige Aberration bezeichnet werden, werden mit Ger\u00e4ten (Wellenfrontanalysator) ausgewertet, die unter Verwendung von Teleskoplinsen von Hunderten von getrennten Punkten aus messen. Diese optischen Fehler, die zu Beschwerden wie Nachtsichtproblemen, Reflexion und Streuung der Lichter (Strassenlaternen, Autoscheinwerfer) f\u00fchren k\u00f6nnen, k\u00f6nnen mit einer personalisierten Wellenfrontlaserbehandlung korrigiert werden.<\/p>\n<h4>W\u00e4hrend das Wavefront-Excimer-Laser angewendet wird, unterscheidet sich das benutzende Laserger\u00e4t sich vom normalen Excimer-Laserger\u00e4t?<\/h4>\n<p>Der Laser, der bei der Standardlaserbehandlung f\u00fcr Augen und bei der Wellenfrontlaserbehandlung verwendet wird, ist derselbe Excimerlaser. Der Unterschied besteht darin, dass bei der pers\u00f6nlichen Laserbehandlung die detaillierten Daten des Wellenfront-Bildgebungssystems in der Computerumgebung an den Excimer-Laser \u00fcbertragen werden und Ihr Arzt die M\u00f6glichkeit erh\u00e4lt, anhand dieser Daten eine detailliertere Behandlung durchzuf\u00fchren.<\/p>\n<p>Wellenfrontdaten k\u00f6nnen in beiden Oberfl\u00e4chenbehandlungstechniken wie Lasik und PRK angewendet werden.<\/p>\n<h4>Wie wird Intralase LASIK angewendet?<\/h4>\n<p>Bei der traditionellen Methode wird ein kreisf\u00f6rmiger Einschnitt unter Verwendung eines manuellen Messers vorgenommen, um die Hornhautkappe zu erzeugen. Beim Intralase-Ger\u00e4t erfolgt dies mit Laserpulsen, d.h. ohne Augenkontakt vollst\u00e4ndig mit Laser. Die im vorherigen Schritt erstellten 3D-Hornhautkartendaten werden beim Erstellen der Abdeckung verwendet, sodass eine Klappe entsprechend der Struktur des Auges erstellt wird.<\/p>\n<p>Nach dem Entfernen der Klappe mit Intralase wird die Hornhaut durch Laserbehandlung neu geformt.<\/p>\n<h4>PRK- und LASEK-Methode<\/h4>\n<p>Bei den PRK- und Lasek-Verfahren wird das Epithelgewebe im \u00e4ussersten Teil des Auges vor der Laserbehandlung entfernt und anschliessend eine Laserbehandlung durchgef\u00fchrt. PRK-System ist eine \u00e4ltere Methode als LASEK. Bei der PRK-Methode wird das Epithelgewebe mit Hilfe eines chirurgischen Werkzeugs entfernt. Bei der LASEK-Methode wird dieses Gewebe in Form einer Schicht mit Hilfe von Alkohol entfernt und nach der Laserbehandlung platziert. Das Gewebe heilt innerhalb von 3-4 Tagen nach der Operation aus und verschmilzt das Epithelgewebe wieder mit dem oberen Teil des Auges. Bei einigen Patienten kann dieser Vorgang jedoch schmerzhaft sein. Es kann 3 bis 4 Wochen dauern, bis sich das Auge vollst\u00e4ndig erholt hat.<\/p>\n<h4>Was passiert nach der Operation?<\/h4>\n<p>Brennen, Tr\u00e4nen und verschwommenes Sehen in den Augen sind f\u00fcr 4-5 Stunden normal. Nach der Operation werden st\u00fcndlich verabreichte Tropfen verwendet. Die Operation wird am n\u00e4chsten Tag \u00fcberpr\u00fcft. Die Patienten k\u00f6nnen dann in der Regel innerhalb von 3-4 Tagen zum Alltag zur\u00fcckkehren. Da die empfohlenen Tropfen jedoch in der ersten Woche h\u00e4ufig angewendet werden, empfehlen wir unseren Patienten, mit einer Woche f\u00fcr diese Operation zu rechnen. Die Verwendung von Tropfen wird in der reduzierten Form f\u00fcr die n\u00e4chsten drei Wochen fortgesetzt.<\/p>\n<h4>Was muss ich nach der Operation beachten?<\/h4>\n<p>3 Wochen lang sollten Reibungen und das Kratzen am Auge vermieden werden. Auch hier sollte man 4 Wochen lang nicht ins Schwimmbad oder ans Meer gehen und es sollte ein Monat lang kein Augen-Make-up aufgetragen werden. Eine Woche nach der Operation k\u00f6nnen Sie ein Duschen gehen, ohne das Shampoo oder Seife in Ihre Augen gelangt.[\/vc_column_text][\/vc_column][\/vc_row]<\/p>\n","protected":false},"excerpt":{"rendered":"<p>[vc_row][vc_column][vc_row_inner][vc_column_inner width=&#8220;1\/2&#8243;][vc_column_text] Was ist ein Excimer-Laser? Es ist ein UV-Laser mit einer Wellenl\u00e4nge von 193 nm, der durch elektrische Stimulation des Argon-Fluorid-Gasgemisches erhalten wird. Es wird seit mehr als 25 Jahren zur Behandlung von Brechungsfehlern eingesetzt. Es ist ein sehr empfindliches Ger\u00e4t. Wer kann von einer Laserbehandlung gebrauch machen? Personen ohne systemische Erkrankung (Diabetes &#8211; [&hellip;]<\/p>\n","protected":false},"author":1,"featured_media":0,"parent":0,"menu_order":0,"comment_status":"closed","ping_status":"closed","template":"","meta":{"_links_to":"","_links_to_target":""},"_links":{"self":[{"href":"https:\/\/opdrebruacar.com\/de\/wp-json\/wp\/v2\/pages\/4418\/"}],"collection":[{"href":"https:\/\/opdrebruacar.com\/de\/wp-json\/wp\/v2\/pages\/"}],"about":[{"href":"https:\/\/opdrebruacar.com\/de\/wp-json\/wp\/v2\/types\/page\/"}],"author":[{"embeddable":true,"href":"https:\/\/opdrebruacar.com\/de\/wp-json\/wp\/v2\/users\/1\/"}],"replies":[{"embeddable":true,"href":"https:\/\/opdrebruacar.com\/de\/wp-json\/wp\/v2\/comments\/?post=4418"}],"version-history":[{"count":2,"href":"https:\/\/opdrebruacar.com\/de\/wp-json\/wp\/v2\/pages\/4418\/revisions\/"}],"predecessor-version":[{"id":4422,"href":"https:\/\/opdrebruacar.com\/de\/wp-json\/wp\/v2\/pages\/4418\/revisions\/4422\/"}],"wp:attachment":[{"href":"https:\/\/opdrebruacar.com\/de\/wp-json\/wp\/v2\/media\/?parent=4418"}],"curies":[{"name":"wp","href":"https:\/\/api.w.org\/{rel}","templated":true}]}}