

{"id":4413,"date":"2020-02-04T12:41:27","date_gmt":"2020-02-04T09:41:27","guid":{"rendered":"http:\/\/drebruacar.webfirmam.com.tr\/?page_id=4413"},"modified":"2020-02-04T12:41:27","modified_gmt":"2020-02-04T09:41:27","slug":"retina-krankheiten","status":"publish","type":"page","link":"https:\/\/opdrebruacar.com\/de\/retina-krankheiten\/","title":{"rendered":"RETINA-KRANKHEITEN"},"content":{"rendered":"<p>[vc_row][vc_column width=&#8220;1\/2&#8243;][vc_column_text]<\/p>\n<h3>WAS IST EINE NETZHAUTABL\u00d6SUNG?<\/h3>\n<p>Die Trennung der Netzhautschicht von der Pigmentepithelschicht, die aufgrund von Rissen oder L\u00f6chern anatomisch festgehalten wird, wird als Netzhautabl\u00f6sung bezeichnet.<\/p>\n<h4>Wie entsteht eine Netzhautabl\u00f6sung?<\/h4>\n<p>Im Auge gibt es eine Gelstruktur wie Eiweiss, die wir als glasig bezeichnen. Die Struktur des Glask\u00f6rpers geht mit dem Alter verloren. Wir nehmen die Verschlechterung dieser Gelstruktur als Fliegen oder Haarstr\u00e4hnen wahr, die vor unseren Augen fliegen. Manchmal beginnt es, den Netzhautbereich zu verlassen, wo es unter dem Glask\u00f6rper gehalten wird. In der Zwischenzeit k\u00f6nnen Symptome wie Lichtblitze, Schatten und umherschwirrende Flecken, die an einen M\u00fcckenschwarm oder Russregen erinnern, beobachtet werden. Diese Situation wird durch einem Bruch eines Netzhautst\u00fccks begleitet. Dies geschieht, wenn die Netzhaut reisst. Der Zustand kann in kurzer Zeit zur Zersetzung in den Netzhautschichten zur\u00fcckkehren.[\/vc_column_text][\/vc_column][vc_column width=&#8220;1\/2&#8243;][vc_single_image image=&#8220;4170&#8243; img_size=&#8220;full&#8220; alignment=&#8220;center&#8220;][\/vc_column][\/vc_row][vc_row][vc_column][vc_column_text]<\/p>\n<h4>Was sind die Symptome einer Netzhautabl\u00f6sung?<\/h4>\n<p>Einige Stellen im Sichtfeld k\u00f6nnen nicht gesehen oder die Sicht kann eingeschr\u00e4nkt werden. Bei Netzhautabl\u00f6sungen, bei denen das Sehzentrum nicht vorhanden ist, kann es jedoch vorkommen, dass der Patient diese St\u00f6rungen nicht bemerkt, da das Sehverm\u00f6gen nicht beeintr\u00e4chtigt wird.<\/p>\n<h4>Was sind die Risikofaktoren f\u00fcr eine Netzhautabl\u00f6sung?<\/h4>\n<p>Das Risiko besteht bei Personen in deren Familie eine Netzhautabl\u00f6sung vorhanden ist, starker Kurzsichtigkeit, Personen mit Augentrauma und mit einer vorherigen grauer Star-Operation ist das Risiko h\u00f6her.[\/vc_column_text][\/vc_column][\/vc_row][vc_row][vc_column width=&#8220;1\/3&#8243;][vc_single_image image=&#8220;4173&#8243; img_size=&#8220;full&#8220; alignment=&#8220;center&#8220;][\/vc_column][vc_column width=&#8220;2\/3&#8243;][vc_column_text]<\/p>\n<h3>NETZHAUT-VENENVERSCHLUSS<\/h3>\n<h4>Was sind die Symptome dieser Krankheit?<\/h4>\n<p>Es tritt meistens mit einer pl\u00f6tzlichen Abnahme des Sehverm\u00f6gens im Alter von 60-70 Jahren auf. Abh\u00e4ngig von der Position des Gef\u00e4sses und den auftretenden Komplikationen kann die Sehschw\u00e4che gering oder schwerwiegend sein.[\/vc_column_text][\/vc_column][\/vc_row][vc_row][vc_column][vc_column_text]<\/p>\n<h4>Gibt es Arten von Venenverschl\u00fcssen in der Netzhaut?<\/h4>\n<p>Es kann eine Blockade in einer einzelnen Vene (Netzhautvenenzweig) oder eine Blockade in der Hauptvene (Netzhautzentralvene) vorliegen.<\/p>\n<h4>Was sind die Risikofaktoren f\u00fcr den Verschluss der Vene der Netzhaut?<\/h4>\n<p>Rauchen, Bluthochdruck, Diabetes, Glaukom (Augendruck) und verschiedene Blutkrankheiten, die die Blutdichte erh\u00f6hen, sind Risikofaktoren.<\/p>\n<h4>Wie wird es untersucht?<\/h4>\n<p>Untersucht werden die Fundus-Fluorescein-Angiographie (FFA) und die OCT (Optical Coherence Tomography). Bei diesen Tests werden das Ausmass des Verschlusses, die Position, das Vorhandensein von der Weiterbildung in der Umgebung und die Ansammlung von Fl\u00fcssigkeit im Sichtzentrum bewertet.[\/vc_column_text][\/vc_column][\/vc_row]<\/p>\n","protected":false},"excerpt":{"rendered":"<p>[vc_row][vc_column width=&#8220;1\/2&#8243;][vc_column_text] WAS IST EINE NETZHAUTABL\u00d6SUNG? Die Trennung der Netzhautschicht von der Pigmentepithelschicht, die aufgrund von Rissen oder L\u00f6chern anatomisch festgehalten wird, wird als Netzhautabl\u00f6sung bezeichnet. Wie entsteht eine Netzhautabl\u00f6sung? Im Auge gibt es eine Gelstruktur wie Eiweiss, die wir als glasig bezeichnen. Die Struktur des Glask\u00f6rpers geht mit dem Alter verloren. Wir nehmen die [&hellip;]<\/p>\n","protected":false},"author":1,"featured_media":0,"parent":0,"menu_order":0,"comment_status":"closed","ping_status":"closed","template":"","meta":{"_links_to":"","_links_to_target":""},"_links":{"self":[{"href":"https:\/\/opdrebruacar.com\/de\/wp-json\/wp\/v2\/pages\/4413\/"}],"collection":[{"href":"https:\/\/opdrebruacar.com\/de\/wp-json\/wp\/v2\/pages\/"}],"about":[{"href":"https:\/\/opdrebruacar.com\/de\/wp-json\/wp\/v2\/types\/page\/"}],"author":[{"embeddable":true,"href":"https:\/\/opdrebruacar.com\/de\/wp-json\/wp\/v2\/users\/1\/"}],"replies":[{"embeddable":true,"href":"https:\/\/opdrebruacar.com\/de\/wp-json\/wp\/v2\/comments\/?post=4413"}],"version-history":[{"count":2,"href":"https:\/\/opdrebruacar.com\/de\/wp-json\/wp\/v2\/pages\/4413\/revisions\/"}],"predecessor-version":[{"id":4417,"href":"https:\/\/opdrebruacar.com\/de\/wp-json\/wp\/v2\/pages\/4413\/revisions\/4417\/"}],"wp:attachment":[{"href":"https:\/\/opdrebruacar.com\/de\/wp-json\/wp\/v2\/media\/?parent=4413"}],"curies":[{"name":"wp","href":"https:\/\/api.w.org\/{rel}","templated":true}]}}