

{"id":4409,"date":"2020-02-04T12:37:02","date_gmt":"2020-02-04T09:37:02","guid":{"rendered":"http:\/\/drebruacar.webfirmam.com.tr\/?page_id=4409"},"modified":"2020-02-13T15:01:30","modified_gmt":"2020-02-13T12:01:30","slug":"glaukom","status":"publish","type":"page","link":"https:\/\/opdrebruacar.com\/de\/glaukom\/","title":{"rendered":"GLAUKOM"},"content":{"rendered":"<p>[vc_row][vc_column][vc_column_text]Das Glaukom ist eine Erkrankung, die mit einem erh\u00f6hten Augeninnendruck einhergeht. Der Sehnerv wird durch die Erh\u00f6hung des Augeninnendrucks gesch\u00e4digt. Da es sich um eine langsam fortschreitende Krankheit handelt, tritt nur ein lateraler Sehfehler in Form eines Tunnels auf. Leider bleibt das zentrale Sehverm\u00f6gen bis zum fortgeschrittenen Stadium der Krankheit erhalten und wird vom Patienten leider sehr sp\u00e4t bemerkt.[\/vc_column_text][vc_row_inner][vc_column_inner width=&#8220;2\/3&#8243;][vc_column_text]<\/p>\n<h4>Bei wem ist ein Glaukom zusehen?<\/h4>\n<p>Menschen \u00fcber 40 sind einem erh\u00f6hten Glaukomrisiko ausgesetzt.<\/p>\n<p>Das Glaukom kann genetisch bedingt sein. Menschen mit einem Glaukom in ihrer Familie haben ein h\u00f6heres Risiko, sich zu entwickeln. Es ist bekannt, dass Glaukom h\u00e4ufiger bei Migr\u00e4ne auftritt.<\/p>\n<p>Ein Glaukom kann sich bei Augenentz\u00fcndungen wie Netzhautabl\u00f6sung, Augentumoren und chronischer Uveitis oder Iritis entwickeln.<\/p>\n<p>Bei Hochmyopen hat sich die H\u00e4ufigkeit des Glaukoms in etwa verdoppelt.<\/p>\n<p>Menschen mit Diabetes haben ein h\u00f6heres Risiko, ein Glaukom zu entwickeln.<\/p>\n<p>Schwere Augenverletzungen k\u00f6nnen zu einem Anstieg des Augeninnendrucks f\u00fchren.<\/p>\n<p>L\u00e4ngerer Gebrauch von Cortison kann zur Entwicklung eines Glaukoms f\u00fchren.<\/p>\n<p>F\u00fcr Menschen mit diesen Merkmalen ist es wichtig, regelm\u00e4ssige Augenuntersuchungen durchzuf\u00fchren, um eine Sch\u00e4digung des Sehnervs fr\u00fchzeitig zu erkennen.<\/p>\n<h4>Kann bei S\u00e4uglingen ein Glaukom auftreten?<\/h4>\n<p>Ja, der als angeborenes Glaukom bezeichnete Typ wird im Neugeborenenalter gesehen und kann aufgrund einer \u00fcberm\u00e4ssigen Vergr\u00f6sserung der elastischen Augenstruktur ein grosses Augenbild verursachen, das als Buftalmus bezeichnet wird.[\/vc_column_text][\/vc_column_inner][vc_column_inner width=&#8220;1\/3&#8243;][vc_single_image image=&#8220;4502&#8243; img_size=&#8220;full&#8220; alignment=&#8220;center&#8220;][\/vc_column_inner][\/vc_row_inner][\/vc_column][\/vc_row][vc_row][vc_column][vc_column_text]<\/p>\n<h4>Wie ensteht eine Glaukomkrise?<\/h4>\n<p>Es tritt normalerweise bei Patienten mit einem engen Augenwinkel auf, wenn der Winkel geschlossen ist und der Blutdruck pl\u00f6tzlich ansteigt. Die Augen werden rot, schmerzhaft und verschwommen. Eine Notfallbehandlung mit Medikamenten verhindert in diesem Stadium eine dauerhafte Sch\u00e4digung des Auges. Nachdem der Notfall behoben ist, k\u00f6nnen dem Patienten Tropfen verabreicht werden, die er kontinuierlich verwenden kann, und nachdem sich das Auge beruhigt hat, kann eine Laserbehandlung gem\u00e4ss der Eignung durchgef\u00fchrt werden, die der Arzt beurteilen wird.<\/p>\n<h4>Wie kann man einen Glaukom befolgen?<\/h4>\n<p>Die Patienten werden in der Regel alle 3-4 Monate von einem Augenarzt untersucht, je nach Zustand des Auges und des Patienten. Glaukomuntersuchungen werden durchgef\u00fchrt und der Patient wird \u00fcber den Zustand des Auges informiert.[\/vc_column_text][\/vc_column][\/vc_row]<\/p>\n","protected":false},"excerpt":{"rendered":"<p>[vc_row][vc_column][vc_column_text]Das Glaukom ist eine Erkrankung, die mit einem erh\u00f6hten Augeninnendruck einhergeht. Der Sehnerv wird durch die Erh\u00f6hung des Augeninnendrucks gesch\u00e4digt. Da es sich um eine langsam fortschreitende Krankheit handelt, tritt nur ein lateraler Sehfehler in Form eines Tunnels auf. Leider bleibt das zentrale Sehverm\u00f6gen bis zum fortgeschrittenen Stadium der Krankheit erhalten und wird vom Patienten [&hellip;]<\/p>\n","protected":false},"author":1,"featured_media":0,"parent":0,"menu_order":0,"comment_status":"closed","ping_status":"closed","template":"","meta":{"_links_to":"","_links_to_target":""},"_links":{"self":[{"href":"https:\/\/opdrebruacar.com\/de\/wp-json\/wp\/v2\/pages\/4409\/"}],"collection":[{"href":"https:\/\/opdrebruacar.com\/de\/wp-json\/wp\/v2\/pages\/"}],"about":[{"href":"https:\/\/opdrebruacar.com\/de\/wp-json\/wp\/v2\/types\/page\/"}],"author":[{"embeddable":true,"href":"https:\/\/opdrebruacar.com\/de\/wp-json\/wp\/v2\/users\/1\/"}],"replies":[{"embeddable":true,"href":"https:\/\/opdrebruacar.com\/de\/wp-json\/wp\/v2\/comments\/?post=4409"}],"version-history":[{"count":3,"href":"https:\/\/opdrebruacar.com\/de\/wp-json\/wp\/v2\/pages\/4409\/revisions\/"}],"predecessor-version":[{"id":4504,"href":"https:\/\/opdrebruacar.com\/de\/wp-json\/wp\/v2\/pages\/4409\/revisions\/4504\/"}],"wp:attachment":[{"href":"https:\/\/opdrebruacar.com\/de\/wp-json\/wp\/v2\/media\/?parent=4409"}],"curies":[{"name":"wp","href":"https:\/\/api.w.org\/{rel}","templated":true}]}}