

{"id":4403,"date":"2020-02-04T12:32:52","date_gmt":"2020-02-04T09:32:52","guid":{"rendered":"http:\/\/drebruacar.webfirmam.com.tr\/?page_id=4403"},"modified":"2020-02-04T12:32:52","modified_gmt":"2020-02-04T09:32:52","slug":"wachstum-des-augenfleisches-pterygium","status":"publish","type":"page","link":"https:\/\/opdrebruacar.com\/de\/wachstum-des-augenfleisches-pterygium\/","title":{"rendered":"WACHSTUM DES AUGENFLEISCHES (PTERYGIUM)"},"content":{"rendered":"<p>[vc_row][vc_column][vc_row_inner][vc_column_inner width=&#8220;1\/2&#8243;][vc_column_text]<\/p>\n<h4>Was bedeutet Pterygium?<\/h4>\n<p id=\"u9051-4\">Pterygium, was auf griechisch &#8222;kleiner Fl\u00fcgel&#8220; bedeutet, ist im Volksmund als &#8222;Wachstum des Augenfleisches&#8220;, &#8222;Warze im Auge&#8220; oder &#8222;Vogelfl\u00fcgel im Auge&#8220; bekannt. Diese Krankheit tritt auf, wenn das Gef\u00e4ss- und Bindegewebe der Membranschicht (Bindehaut) auf dem weissen Teil des Auges abnormal w\u00e4chst und sich auf der transparenten Hornhautschicht fortsetzt. Die erste Form, die in Form eines kleinen H\u00fcgels in gelbem Weiss entsteht, heisst &#8222;Pinguekula&#8220;. Es wird beobachtet, dass dieses Gewebe, das sich im Allgemeinen im weissen Teil des Auges in der N\u00e4he der Nase und im Augenlidbereich zu bilden beginnt, im Laufe der Zeit in Richtung Pupille voranschreitet.<\/p>\n<p>[\/vc_column_text][\/vc_column_inner][vc_column_inner width=&#8220;1\/2&#8243;][vc_single_image image=&#8220;4130&#8243; img_size=&#8220;full&#8220; alignment=&#8220;center&#8220;][\/vc_column_inner][\/vc_row_inner][\/vc_column][\/vc_row][vc_row][vc_column][vc_column_text]<\/p>\n<h4>Warum ensteht Pterygium?<\/h4>\n<p id=\"u9051-9\">Pterygium wird h\u00e4ufig im Freien gesehen, wo es den ultravioletten Strahlen der Sonne und staubtrockenen Umgebungen ausgesetzt ist. Viele Patienten haben eine famili\u00e4re Veranlagung. Eine Lungenentz\u00fcndung ist bei Patienten mit chronischer Wimpernentz\u00fcndung, Blepharitis und trockenen Augen h\u00e4ufig.<\/p>\n<h4>Ist es ansteckend?<\/h4>\n<p id=\"u9051-14\">Pterygium kann in beiden Augen gesehen werden, aber es ist keine ansteckende Krankheit.<\/p>\n<p>[\/vc_column_text][\/vc_column][\/vc_row]<\/p>\n","protected":false},"excerpt":{"rendered":"<p>[vc_row][vc_column][vc_row_inner][vc_column_inner width=&#8220;1\/2&#8243;][vc_column_text] Was bedeutet Pterygium? Pterygium, was auf griechisch &#8222;kleiner Fl\u00fcgel&#8220; bedeutet, ist im Volksmund als &#8222;Wachstum des Augenfleisches&#8220;, &#8222;Warze im Auge&#8220; oder &#8222;Vogelfl\u00fcgel im Auge&#8220; bekannt. Diese Krankheit tritt auf, wenn das Gef\u00e4ss- und Bindegewebe der Membranschicht (Bindehaut) auf dem weissen Teil des Auges abnormal w\u00e4chst und sich auf der transparenten Hornhautschicht fortsetzt. Die [&hellip;]<\/p>\n","protected":false},"author":1,"featured_media":0,"parent":0,"menu_order":0,"comment_status":"closed","ping_status":"closed","template":"","meta":{"_links_to":"","_links_to_target":""},"_links":{"self":[{"href":"https:\/\/opdrebruacar.com\/de\/wp-json\/wp\/v2\/pages\/4403\/"}],"collection":[{"href":"https:\/\/opdrebruacar.com\/de\/wp-json\/wp\/v2\/pages\/"}],"about":[{"href":"https:\/\/opdrebruacar.com\/de\/wp-json\/wp\/v2\/types\/page\/"}],"author":[{"embeddable":true,"href":"https:\/\/opdrebruacar.com\/de\/wp-json\/wp\/v2\/users\/1\/"}],"replies":[{"embeddable":true,"href":"https:\/\/opdrebruacar.com\/de\/wp-json\/wp\/v2\/comments\/?post=4403"}],"version-history":[{"count":2,"href":"https:\/\/opdrebruacar.com\/de\/wp-json\/wp\/v2\/pages\/4403\/revisions\/"}],"predecessor-version":[{"id":4408,"href":"https:\/\/opdrebruacar.com\/de\/wp-json\/wp\/v2\/pages\/4403\/revisions\/4408\/"}],"wp:attachment":[{"href":"https:\/\/opdrebruacar.com\/de\/wp-json\/wp\/v2\/media\/?parent=4403"}],"curies":[{"name":"wp","href":"https:\/\/api.w.org\/{rel}","templated":true}]}}