

{"id":4397,"date":"2020-02-04T12:30:40","date_gmt":"2020-02-04T09:30:40","guid":{"rendered":"http:\/\/drebruacar.webfirmam.com.tr\/?page_id=4397"},"modified":"2020-02-04T12:30:40","modified_gmt":"2020-02-04T09:30:40","slug":"verstopfung-der-traenenwege","status":"publish","type":"page","link":"https:\/\/opdrebruacar.com\/de\/verstopfung-der-traenenwege\/","title":{"rendered":"VERSTOPFUNG DER TRAENENWEGE"},"content":{"rendered":"<p>[vc_row][vc_column][vc_row_inner][vc_column_inner width=&#8220;2\/3&#8243;][vc_column_text]<\/p>\n<h4>In der S\u00e4uglingszeit<\/h4>\n<p id=\"u18333-4\">In den Kliniken ist die erste h\u00e4ufigste Krankheit die Augendr\u00fcsenverschleimung, was mit den Tr\u00e4nen nach aussen fliesst und die zweith\u00e4ufigste Erkrankung in den Polikliniken ist die Verstopfung des Nasolacrimal-Kanals. Der Nasolacrimal-Kanal ist ein d\u00fcnner Kanal, der die Tr\u00e4ne von der Augenquelle in die Nase bef\u00f6rdert. Die Gr\u00fcnde wie die angeborene Unterentwicklung des Kanals oder die Membran, die ihn enth\u00e4lt, verhindern, dass der Riss seinen nat\u00fcrlichen Verlauf vom Auge zur Nase nimmt, und die angesammelten Tr\u00e4nen beginnen, aus dem Auge herauszufliessen. Anf\u00e4nglich fliessen durchsichtige Tr\u00e4nen, w\u00e4hrend die Ansammlung im Kanal diesen Bereich nach einer Weile infiziert. Dies f\u00fchrt zu einer entz\u00fcndlicheren Entladung der Tr\u00e4nen und zur Augendr\u00fcsenverschleimung in den Augen.<\/p>\n<h4>Im Erwachsenenalter<\/h4>\n<p id=\"u18345-4\">Tr\u00e4nenkanalobstruktion ist ein Zustand, der im Erwachsenenalter mit Bew\u00e4sserungen, Ausfl\u00fcssen und gelegentlichen Entz\u00fcndungen, Schwellungen und Schmerzen (akute Dakryozystitis) einhergeht. Es entsteht durch die Verstopfung des Kanals, der die Tr\u00e4ne Nasolacrimal-Kanal in die Nase tr\u00e4gt.<\/p>\n<p>[\/vc_column_text][\/vc_column_inner][vc_column_inner width=&#8220;1\/3&#8243;][vc_empty_space][vc_single_image image=&#8220;3923&#8243; img_size=&#8220;full&#8220;][vc_empty_space][vc_single_image image=&#8220;3922&#8243; img_size=&#8220;full&#8220;][\/vc_column_inner][\/vc_row_inner][\/vc_column][\/vc_row][vc_row][vc_column][vc_empty_space][\/vc_column][\/vc_row]<\/p>\n","protected":false},"excerpt":{"rendered":"<p>[vc_row][vc_column][vc_row_inner][vc_column_inner width=&#8220;2\/3&#8243;][vc_column_text] In der S\u00e4uglingszeit In den Kliniken ist die erste h\u00e4ufigste Krankheit die Augendr\u00fcsenverschleimung, was mit den Tr\u00e4nen nach aussen fliesst und die zweith\u00e4ufigste Erkrankung in den Polikliniken ist die Verstopfung des Nasolacrimal-Kanals. Der Nasolacrimal-Kanal ist ein d\u00fcnner Kanal, der die Tr\u00e4ne von der Augenquelle in die Nase bef\u00f6rdert. Die Gr\u00fcnde wie die angeborene [&hellip;]<\/p>\n","protected":false},"author":1,"featured_media":0,"parent":0,"menu_order":0,"comment_status":"closed","ping_status":"closed","template":"","meta":{"_links_to":"","_links_to_target":""},"_links":{"self":[{"href":"https:\/\/opdrebruacar.com\/de\/wp-json\/wp\/v2\/pages\/4397\/"}],"collection":[{"href":"https:\/\/opdrebruacar.com\/de\/wp-json\/wp\/v2\/pages\/"}],"about":[{"href":"https:\/\/opdrebruacar.com\/de\/wp-json\/wp\/v2\/types\/page\/"}],"author":[{"embeddable":true,"href":"https:\/\/opdrebruacar.com\/de\/wp-json\/wp\/v2\/users\/1\/"}],"replies":[{"embeddable":true,"href":"https:\/\/opdrebruacar.com\/de\/wp-json\/wp\/v2\/comments\/?post=4397"}],"version-history":[{"count":2,"href":"https:\/\/opdrebruacar.com\/de\/wp-json\/wp\/v2\/pages\/4397\/revisions\/"}],"predecessor-version":[{"id":4402,"href":"https:\/\/opdrebruacar.com\/de\/wp-json\/wp\/v2\/pages\/4397\/revisions\/4402\/"}],"wp:attachment":[{"href":"https:\/\/opdrebruacar.com\/de\/wp-json\/wp\/v2\/media\/?parent=4397"}],"curies":[{"name":"wp","href":"https:\/\/api.w.org\/{rel}","templated":true}]}}