

{"id":4393,"date":"2020-02-04T12:27:54","date_gmt":"2020-02-04T09:27:54","guid":{"rendered":"http:\/\/drebruacar.webfirmam.com.tr\/?page_id=4393"},"modified":"2020-02-04T12:28:32","modified_gmt":"2020-02-04T09:28:32","slug":"zysten-am-augenlid","status":"publish","type":"page","link":"https:\/\/opdrebruacar.com\/de\/zysten-am-augenlid\/","title":{"rendered":"ZYSTEN AM AUGENLID"},"content":{"rendered":"<p>[vc_row][vc_column width=&#8220;2\/3&#8243;][vc_column_text]Grosse und kleine Beulen, die um unsere Augen auftreten, k\u00f6nnen kosmetisch st\u00f6rend sein. Dar\u00fcber hinaus k\u00f6nnen einige dieser Zysten gef\u00e4hrlich sein, da sie b\u00f6sartige Zellen enthalten k\u00f6nnen. Die Untersuchung dieser Zysten durch einen erfahrenen Chirurgen ist im Hinblick auf die Patientensicherheit sehr wichtig.[\/vc_column_text][\/vc_column][vc_column width=&#8220;1\/3&#8243;][vc_single_image image=&#8220;4240&#8243; img_size=&#8220;full&#8220; alignment=&#8220;center&#8220;][\/vc_column][\/vc_row][vc_row][vc_column][vc_column_text]<\/p>\n<h4>Wie werden die Zysten diagnostiziert?<\/h4>\n<p>Die Zysten um den Augen sind h\u00e4ufig klinisch zu unterscheiden und die \u00fcberwiegende Mehrheit von ihnen ist gutartig. Ein allgemeiner Glaube in der \u00d6ffentlichkeit ist, dass, wenn die als &#8222;Muttermal&#8220; bekannten Zysten zu Krebs werden, sie nicht ber\u00fchrt werden sollten. Dieser Glaube hat keine wissenschaftliche G\u00fcltigkeit. Ein St\u00fcck f\u00fcr diagnostische Zwecke kann sicher aus diesen und \u00e4hnlichen Zysten entnommen werden, und eine endg\u00fcltige Diagnose kann durch Untersuchen des St\u00fccks unter dem Mikroskop erfolgen. W\u00e4hrend dieser Eingriffe kann die gesamte Zyste entfernt und eine dauerhafte Behandlung durchgef\u00fchrt werden, wenn das pathologische Ergebnis harmlos ist.<\/p>\n<h4>Welche gutartigen Zysten treten am h\u00e4ufigsten auf dem Augenlid auf?<\/h4>\n<p>Die h\u00e4ufigsten Zysten auf den Augenlidern sind Gerstenk\u00f6rner, die sich aus den Fettkan\u00e4len der Augenlidern entwickeln. Es ist auf die Verfestigung und Zystisierung der Fette in den Kan\u00e4len nach einer Infektion durch Mikroben zur\u00fcckzuf\u00fchren, die die Wimpernwurzel befallen. W\u00e4hrend 80-90% mit der richtigen medikament\u00f6sen Behandlung verbessern; Diejenigen, die sich innerhalb von 2-3 Wochen nicht erholt haben und eingekapselt sind, werden chirurgisch entfernt.<\/p>\n<p>Die meisten der fl\u00fcssigkeitshaltigen Zysten, die sich am Wimpernrand des Augenlids befinden, sind schweissdr\u00fcsenbedingt. Ihre Detonation f\u00fchrt dazu, dass die Zyste wieder gr\u00f6sser wird. Daher ist die richtige Behandlung die chirurgische Entfernung der gesamten Zyste zusammen mit der Zystenwand. Kleine Beulen, Fleischst\u00fccke, Muttermale k\u00f6nnen mit einem kurzen Eingriff unter \u00f6rtlicher Bet\u00e4ubung operativ entfernt werden.<\/p>\n<h4>Kann es b\u00f6sartige Zysten auf dem Augenlid geben?<\/h4>\n<p>Ja, das kann es. Die am h\u00e4ufigsten auftretende b\u00f6sartige Zyste auf dem Augenlid ist das Basalzellkarzinom. Dieser Krebs, den ein erfahrener Augenchirurg mit einer klinischen Untersuchung leicht diagnostizieren kann, ist nicht sehr be\u00e4ngstigend, da er sehr langsam w\u00e4chst und nicht verbreitet. Er sollte jedoch aufgrund des Potenzials f\u00fcr Wachstum und St\u00f6rung des umgebenden Gewebes chirurgisch entfernt werden. Auf diese Weise ist es oft m\u00f6glich, diese Zyste dauerhaft loszuwerden.<\/p>\n<p>Eine andere Art von Plattenepithelkarzinomen, die mit diesen Zysten verwechselt werden kann, ist weiter verbreitet und gef\u00e4hrlicher. Talgzellkrebs und Krebs vom Typ malignes Melanom, die auch auf unseren Lidern zu sehen sind, sind gef\u00e4hrliche Typen. Da sie nicht nur unsere Augen, sondern auch unser Leben bedrohen k\u00f6nnen, sollte der Patient von einem erfahrenen Augenchirurgen auf den Augenlidern auf Zysten untersucht werden. Die Tatsache, dass es sich bei den Zysten, von denen angenommen wird, dass sie in derselben Region sehr h\u00e4ufig vorkommen, tats\u00e4chlich um Krebs handelt, der von Anfang an nicht erkannt wurde, kann die Gesundheit des Patienten gef\u00e4hrden.<\/p>\n<p>Selbst bei sehr grossen Augenlidzysten gibt es Behandlungsm\u00f6glichkeiten, bei denen durch die okuloplastische Operation eine nahezu originalgetreue kosmetische Erholung erzielt werden kann, indem die Zyste vollst\u00e4ndig beseitigt wird. Man sollte einen Krebs nicht \u00fcbersehen, der den Zysten zugrunde liegt, die sehr klein und unbedeutend erscheinen.<\/p>\n<p>Es ist wichtig, einen Augenchirurgen zu erreichen, der Sie durch die korrekte Diagnose einer beliebigen Lidzyste, unabh\u00e4ngig von der Gr\u00f6sse, unterst\u00fctzen kann. Bei Bedarf bietet er therapeutische M\u00f6glichkeiten, bei denen die Unversehrtheit der Augenlider optimal gesch\u00fctzt und gleichzeitig Ihre Gesundheit durch chirurgische Eingriffe gesch\u00fctzt wird.[\/vc_column_text][\/vc_column][\/vc_row]<\/p>\n","protected":false},"excerpt":{"rendered":"<p>[vc_row][vc_column width=&#8220;2\/3&#8243;][vc_column_text]Grosse und kleine Beulen, die um unsere Augen auftreten, k\u00f6nnen kosmetisch st\u00f6rend sein. Dar\u00fcber hinaus k\u00f6nnen einige dieser Zysten gef\u00e4hrlich sein, da sie b\u00f6sartige Zellen enthalten k\u00f6nnen. Die Untersuchung dieser Zysten durch einen erfahrenen Chirurgen ist im Hinblick auf die Patientensicherheit sehr wichtig.[\/vc_column_text][\/vc_column][vc_column width=&#8220;1\/3&#8243;][vc_single_image image=&#8220;4240&#8243; img_size=&#8220;full&#8220; alignment=&#8220;center&#8220;][\/vc_column][\/vc_row][vc_row][vc_column][vc_column_text] Wie werden die Zysten diagnostiziert? Die Zysten [&hellip;]<\/p>\n","protected":false},"author":1,"featured_media":0,"parent":0,"menu_order":0,"comment_status":"closed","ping_status":"closed","template":"","meta":{"_links_to":"","_links_to_target":""},"_links":{"self":[{"href":"https:\/\/opdrebruacar.com\/de\/wp-json\/wp\/v2\/pages\/4393\/"}],"collection":[{"href":"https:\/\/opdrebruacar.com\/de\/wp-json\/wp\/v2\/pages\/"}],"about":[{"href":"https:\/\/opdrebruacar.com\/de\/wp-json\/wp\/v2\/types\/page\/"}],"author":[{"embeddable":true,"href":"https:\/\/opdrebruacar.com\/de\/wp-json\/wp\/v2\/users\/1\/"}],"replies":[{"embeddable":true,"href":"https:\/\/opdrebruacar.com\/de\/wp-json\/wp\/v2\/comments\/?post=4393"}],"version-history":[{"count":3,"href":"https:\/\/opdrebruacar.com\/de\/wp-json\/wp\/v2\/pages\/4393\/revisions\/"}],"predecessor-version":[{"id":4396,"href":"https:\/\/opdrebruacar.com\/de\/wp-json\/wp\/v2\/pages\/4393\/revisions\/4396\/"}],"wp:attachment":[{"href":"https:\/\/opdrebruacar.com\/de\/wp-json\/wp\/v2\/media\/?parent=4393"}],"curies":[{"name":"wp","href":"https:\/\/api.w.org\/{rel}","templated":true}]}}