

{"id":4390,"date":"2020-02-04T12:24:08","date_gmt":"2020-02-04T09:24:08","guid":{"rendered":"http:\/\/drebruacar.webfirmam.com.tr\/?page_id=4390"},"modified":"2020-02-04T12:24:08","modified_gmt":"2020-02-04T09:24:08","slug":"herabhaengender-augenlid-ptosis","status":"publish","type":"page","link":"https:\/\/opdrebruacar.com\/de\/herabhaengender-augenlid-ptosis\/","title":{"rendered":"HERABHAENGENDER AUGENLID (PTOSIS)"},"content":{"rendered":"<p>[vc_row][vc_column width=&#8220;1\/2&#8243;][vc_column_text]Ein herabh\u00e4ngendes Augenlid (Ptosis) bedeutet, dass das obere Augenlid unter dem Normalwert liegt. Diese Herabh\u00e4ngen kann das Sehen verhindern, indem die Pupille geschlossen wird. In schweren F\u00e4llen kann durch das Anheben der Kopfposition oder des Augenlids mit der Hand geholfen werden, um die Sicht zu gew\u00e4hrleisten. Herabh\u00e4ngende Augenlider k\u00f6nnen angeboren oder auf Alterung zur\u00fcckzuf\u00fchren sein, da der Muskel, der das Augenlid anhebt, nicht ausreichend entwickelt ist. Bei angeborenen ist es notwendig, den schwachen Muskel zu verk\u00fcrzen oder in schwereren F\u00e4llen eine Aufh\u00e4ngung zu verwenden. Nach Augenoperationen, wie beim grauen Star und Abl\u00f6sungen, k\u00f6nnen sich auch herabh\u00e4ngende Augenlider entwickeln.[\/vc_column_text][\/vc_column][vc_column width=&#8220;1\/2&#8243;][vc_single_image image=&#8220;4238&#8243; img_size=&#8220;full&#8220; alignment=&#8220;center&#8220;][\/vc_column][\/vc_row]<\/p>\n","protected":false},"excerpt":{"rendered":"<p>[vc_row][vc_column width=&#8220;1\/2&#8243;][vc_column_text]Ein herabh\u00e4ngendes Augenlid (Ptosis) bedeutet, dass das obere Augenlid unter dem Normalwert liegt. Diese Herabh\u00e4ngen kann das Sehen verhindern, indem die Pupille geschlossen wird. In schweren F\u00e4llen kann durch das Anheben der Kopfposition oder des Augenlids mit der Hand geholfen werden, um die Sicht zu gew\u00e4hrleisten. Herabh\u00e4ngende Augenlider k\u00f6nnen angeboren oder auf Alterung zur\u00fcckzuf\u00fchren [&hellip;]<\/p>\n","protected":false},"author":1,"featured_media":0,"parent":0,"menu_order":0,"comment_status":"closed","ping_status":"closed","template":"","meta":{"_links_to":"","_links_to_target":""},"_links":{"self":[{"href":"https:\/\/opdrebruacar.com\/de\/wp-json\/wp\/v2\/pages\/4390\/"}],"collection":[{"href":"https:\/\/opdrebruacar.com\/de\/wp-json\/wp\/v2\/pages\/"}],"about":[{"href":"https:\/\/opdrebruacar.com\/de\/wp-json\/wp\/v2\/types\/page\/"}],"author":[{"embeddable":true,"href":"https:\/\/opdrebruacar.com\/de\/wp-json\/wp\/v2\/users\/1\/"}],"replies":[{"embeddable":true,"href":"https:\/\/opdrebruacar.com\/de\/wp-json\/wp\/v2\/comments\/?post=4390"}],"version-history":[{"count":2,"href":"https:\/\/opdrebruacar.com\/de\/wp-json\/wp\/v2\/pages\/4390\/revisions\/"}],"predecessor-version":[{"id":4392,"href":"https:\/\/opdrebruacar.com\/de\/wp-json\/wp\/v2\/pages\/4390\/revisions\/4392\/"}],"wp:attachment":[{"href":"https:\/\/opdrebruacar.com\/de\/wp-json\/wp\/v2\/media\/?parent=4390"}],"curies":[{"name":"wp","href":"https:\/\/api.w.org\/{rel}","templated":true}]}}