

{"id":4387,"date":"2020-02-04T12:22:47","date_gmt":"2020-02-04T09:22:47","guid":{"rendered":"http:\/\/drebruacar.webfirmam.com.tr\/?page_id=4387"},"modified":"2020-02-13T14:46:04","modified_gmt":"2020-02-13T11:46:04","slug":"einwaertskehrung-des-augenlides-entropium","status":"publish","type":"page","link":"https:\/\/opdrebruacar.com\/de\/einwaertskehrung-des-augenlides-entropium\/","title":{"rendered":"DIE EINWAERTSKEHRUNG DES AUGENLIDES (ENTROPIUM)"},"content":{"rendered":"<p>[vc_row][vc_column width=&#8220;1\/2&#8243;][vc_column_text]Es ist eine Krankheit, die dadurch gekennzeichnet ist, dass sich die Augenlidkante nach innen dreht. Das in Form einer Rolle nach innen gefaltete unteres Augenlid kann zu Stechen, R\u00f6tungen und schweren Infektionen der Hornhaut (Keratiden) f\u00fchren, wenn es lange anhalten sollte, da der Wimpernrand das transparente Gewebe des Auges (Hornhaut) ber\u00fchrt.<\/p>\n<p>Im Allgemeinen kann ein durch das L\u00f6sen des Augenlides mit zunehmendem Alter verursachter Entropium auch durch langfristige Infektionen verursacht werden, die am Rand des Augenlides auftreten und chemische Verbrennungen zur Folge haben.<\/p>\n<p>Bei der Behandlung greifen wir auch auf chirurgische Methoden zur\u00fcck, was auch vom Grund abh\u00e4ngig ist.[\/vc_column_text][\/vc_column][vc_column width=&#8220;1\/2&#8243;][vc_single_image image=&#8220;4236&#8243; img_size=&#8220;full&#8220; alignment=&#8220;center&#8220;][\/vc_column][\/vc_row]<\/p>\n","protected":false},"excerpt":{"rendered":"<p>[vc_row][vc_column width=&#8220;1\/2&#8243;][vc_column_text]Es ist eine Krankheit, die dadurch gekennzeichnet ist, dass sich die Augenlidkante nach innen dreht. Das in Form einer Rolle nach innen gefaltete unteres Augenlid kann zu Stechen, R\u00f6tungen und schweren Infektionen der Hornhaut (Keratiden) f\u00fchren, wenn es lange anhalten sollte, da der Wimpernrand das transparente Gewebe des Auges (Hornhaut) ber\u00fchrt. Im Allgemeinen kann [&hellip;]<\/p>\n","protected":false},"author":1,"featured_media":0,"parent":0,"menu_order":0,"comment_status":"closed","ping_status":"closed","template":"","meta":{"_links_to":"","_links_to_target":""},"_links":{"self":[{"href":"https:\/\/opdrebruacar.com\/de\/wp-json\/wp\/v2\/pages\/4387\/"}],"collection":[{"href":"https:\/\/opdrebruacar.com\/de\/wp-json\/wp\/v2\/pages\/"}],"about":[{"href":"https:\/\/opdrebruacar.com\/de\/wp-json\/wp\/v2\/types\/page\/"}],"author":[{"embeddable":true,"href":"https:\/\/opdrebruacar.com\/de\/wp-json\/wp\/v2\/users\/1\/"}],"replies":[{"embeddable":true,"href":"https:\/\/opdrebruacar.com\/de\/wp-json\/wp\/v2\/comments\/?post=4387"}],"version-history":[{"count":2,"href":"https:\/\/opdrebruacar.com\/de\/wp-json\/wp\/v2\/pages\/4387\/revisions\/"}],"predecessor-version":[{"id":4389,"href":"https:\/\/opdrebruacar.com\/de\/wp-json\/wp\/v2\/pages\/4387\/revisions\/4389\/"}],"wp:attachment":[{"href":"https:\/\/opdrebruacar.com\/de\/wp-json\/wp\/v2\/media\/?parent=4387"}],"curies":[{"name":"wp","href":"https:\/\/api.w.org\/{rel}","templated":true}]}}