

{"id":4384,"date":"2020-02-04T11:29:21","date_gmt":"2020-02-04T08:29:21","guid":{"rendered":"http:\/\/drebruacar.webfirmam.com.tr\/?page_id=4384"},"modified":"2020-02-04T11:29:21","modified_gmt":"2020-02-04T08:29:21","slug":"auswaertskehrung-des-augenlides-ektropion","status":"publish","type":"page","link":"https:\/\/opdrebruacar.com\/de\/auswaertskehrung-des-augenlides-ektropion\/","title":{"rendered":"AUSWAERTSKEHRUNG DES AUGENLIDES (EKTROPION)"},"content":{"rendered":"<p>[vc_row][vc_column width=&#8220;1\/2&#8243;][vc_column_text]Es ist ein Unbehagen, das durch das Herausdrehen der Augenlidkante verursacht wird. Das im unteren Lid auftretende Ektropion tritt meist nach einer Alterung des Augenlidgewebes auf. Das Gewebe (die Bindehaut), das die Innenseite der Augenlider bedeckt, kann austrocknen und bei l\u00e4ngeren Aussenwindungen besch\u00e4digt werden, wodurch die vorhandene Situation noch schwerer wird.[\/vc_column_text][\/vc_column][vc_column width=&#8220;1\/2&#8243;][vc_single_image image=&#8220;4234&#8243; img_size=&#8220;full&#8220; alignment=&#8220;center&#8220;][\/vc_column][\/vc_row][vc_row][vc_column][vc_column_text]Ektropion kann auch auftreten, wenn eine Wunde am Rand des Augenlids mit seinem eigenen Gewicht nach unten gezogen wird. Das rote Aussehen des herabh\u00e4ngenden Augenlids verzerrt das gesamte Erscheinungsbild des Gesichts. Eine der Ursachen des Ektropions ist, dass eine Narbe, die sich senkrecht am Rand des unteren Augenlids befindet, das Augenlid nach unten zieht. Wir wissen auch, dass sich die Muskeln des Augenlids, die nicht richtig funktionieren, nach l\u00e4ngerer Gesichtsl\u00e4hmung entspannen und Ektropion bilden. Aus diesem Grund sind Massagen nach einer Gesichtsl\u00e4hmung, die Ihr Arzt f\u00fcrs umliegende Bereich empfohlen hat und zwischendurch Warnungen sehr wichtig wichtig. Nach einer kritischen Zeitspanne von 6 Monaten nach einer Gesichtsl\u00e4hmung greifen wir jedoch auf chirurgische Methoden zur\u00fcck, wenn sich das Augenlid immer noch nicht von selbst verbessert hat.<\/p>\n<p>Zusammenfassend ist die Ektropiontherapie eine Operation. Wir w\u00e4hlen die Operation in Abh\u00e4ngigkeit von dem Grund, aus dem die Krankheit entstanden ist.[\/vc_column_text][\/vc_column][\/vc_row]<\/p>\n","protected":false},"excerpt":{"rendered":"<p>[vc_row][vc_column width=&#8220;1\/2&#8243;][vc_column_text]Es ist ein Unbehagen, das durch das Herausdrehen der Augenlidkante verursacht wird. Das im unteren Lid auftretende Ektropion tritt meist nach einer Alterung des Augenlidgewebes auf. Das Gewebe (die Bindehaut), das die Innenseite der Augenlider bedeckt, kann austrocknen und bei l\u00e4ngeren Aussenwindungen besch\u00e4digt werden, wodurch die vorhandene Situation noch schwerer wird.[\/vc_column_text][\/vc_column][vc_column width=&#8220;1\/2&#8243;][vc_single_image image=&#8220;4234&#8243; img_size=&#8220;full&#8220; [&hellip;]<\/p>\n","protected":false},"author":1,"featured_media":0,"parent":0,"menu_order":0,"comment_status":"closed","ping_status":"closed","template":"","meta":{"_links_to":"","_links_to_target":""},"_links":{"self":[{"href":"https:\/\/opdrebruacar.com\/de\/wp-json\/wp\/v2\/pages\/4384\/"}],"collection":[{"href":"https:\/\/opdrebruacar.com\/de\/wp-json\/wp\/v2\/pages\/"}],"about":[{"href":"https:\/\/opdrebruacar.com\/de\/wp-json\/wp\/v2\/types\/page\/"}],"author":[{"embeddable":true,"href":"https:\/\/opdrebruacar.com\/de\/wp-json\/wp\/v2\/users\/1\/"}],"replies":[{"embeddable":true,"href":"https:\/\/opdrebruacar.com\/de\/wp-json\/wp\/v2\/comments\/?post=4384"}],"version-history":[{"count":2,"href":"https:\/\/opdrebruacar.com\/de\/wp-json\/wp\/v2\/pages\/4384\/revisions\/"}],"predecessor-version":[{"id":4386,"href":"https:\/\/opdrebruacar.com\/de\/wp-json\/wp\/v2\/pages\/4384\/revisions\/4386\/"}],"wp:attachment":[{"href":"https:\/\/opdrebruacar.com\/de\/wp-json\/wp\/v2\/media\/?parent=4384"}],"curies":[{"name":"wp","href":"https:\/\/api.w.org\/{rel}","templated":true}]}}