

{"id":4378,"date":"2020-02-04T11:26:13","date_gmt":"2020-02-04T08:26:13","guid":{"rendered":"http:\/\/drebruacar.webfirmam.com.tr\/?page_id=4378"},"modified":"2020-02-04T11:26:13","modified_gmt":"2020-02-04T08:26:13","slug":"strabismusuntersuchung","status":"publish","type":"page","link":"https:\/\/opdrebruacar.com\/de\/strabismusuntersuchung\/","title":{"rendered":"STRABISMUSUNTERSUCHUNG"},"content":{"rendered":"<p>[vc_row][vc_column width=&#8220;1\/2&#8243;]<div class=\"tm-element-heading-wrapper tm-heading-inner tm-element-align-left \">[vc_cta text=\"Vorbereitung auf die Strabismusuntersuchung\"  h2_google_fonts=\"font_family:Arimo%3Aregular%2Citalic%2C700%2C700italic|font_style:700%20bold%20regular%3A700%3Anormal\"  h4_google_fonts=\"font_family:Lato%3A100%2C100italic%2C300%2C300italic%2Cregular%2Citalic%2C700%2C700italic%2C900%2C900italic|font_style:300%20light%20regular%3A300%3Anormal\"  align=\"left\"  heading_sep=\"no\"  tag=\"h2\"  h2=\"Vorbereitung auf die Strabismusuntersuchung\"  txt_align=\"left\"  i_css_animation=\"\" css_animation=\"\"][\/vc_cta]<\/div> <!-- .tm-element-heading-wrapper container --> [vc_column_text]<\/p>\n<p id=\"u18055-4\">Der Arzt m\u00f6chte einige wichtige Details \u00fcber die Augenprobleme Ihres Kindes erfahren. Oft sind dies Fragen, die Sie nicht sofort beantworten k\u00f6nnen, ohne dar\u00fcber nachzudenken. Es ist ratsam, die folgenden Punkte zu beachten, bevor Sie den Augenarzt aufsuchen.<\/p>\n<ul id=\"u18055-41\" class=\"list0 nls-None\">\n<li id=\"u18055-7\">Wie sind Sie auf das Problem aufmerksam geworden?<\/li>\n<li id=\"u18055-9\">Ist Ihnen oder Ihren Verwandten dies aufgefallen, oder ist es nur Ihrem Hausarzt oder Kinderarzt aufgefallen?<\/li>\n<li id=\"u18055-11\">Scheint Ihr Kind auf einem Auge ein Problem zu haben oder auf beiden?<\/li>\n<li id=\"u18055-13\">Wenn ja, welche?<\/li>\n<li>Was ist anormal an Ihren Augen?<\/li>\n<li id=\"u18055-17\">Schielen Sie nach innen, aussen, unten oder oben?<\/li>\n<li id=\"u18055-19\">Tritt das Problemes st\u00e4ndig oder nur auf?<\/li>\n<li id=\"u18055-21\">Wenn es gelegentlich vorkommt, verursacht es eine bestimmte Aktivit\u00e4t?<\/li>\n<li id=\"u18055-23\">Kommt es beispielsweise h\u00e4ufiger vor, wenn Sie genau hinsehen, wegsehen, zur Seite schauen oder m\u00fcde werden?<\/li>\n<li id=\"u18055-25\">Wie lange ist es her, dass das Problem entstanden ist und das Wichtigste ist verbessert oder schlechtert es sich?<\/li>\n<li id=\"u18055-27\">Haben Sie das Gef\u00fchl, dass Ihr Kind normal sieht?<\/li>\n<li id=\"u18055-29\">Ist es normal, dass es w\u00e4chst und sich entwickelt?<\/li>\n<li id=\"u18055-31\">Wenn Sie \u00e4ltere Kinder haben, kann es hilfreich sein, Ihren Sohn, der ein Augenproblem hat, mit anderen \u00e4lteren Geschwistern zu vergleichen. Hat er sich hingesetzt oder den ersten Schritt gleichzeitig mit seiner \u00e4lteren Schwester getan?<\/li>\n<\/ul>\n<p>[\/vc_column_text][\/vc_column][vc_column width=&#8220;1\/2&#8243;][vc_single_image image=&#8220;4125&#8243; img_size=&#8220;full&#8220; alignment=&#8220;center&#8220;][vc_single_image image=&#8220;3944&#8243; img_size=&#8220;full&#8220; alignment=&#8220;center&#8220;][\/vc_column][\/vc_row][vc_row][vc_column][vc_column_text]<\/p>\n<ul id=\"u18055-41\" class=\"list0 nls-None\">\n<li id=\"u18055-33\">Gibt es auch eine Situation bei anderen Verwandten, wie z. B. das Schielen mit den Augen, nach innen und aussen oder Sehschw\u00e4che?<\/li>\n<li>Wenn ja, wie wurden sie behandelt?<\/li>\n<li id=\"u18055-37\">Mit einer Brille, dem Verschliessen, durch Bewegungen oder einer Operation?<\/li>\n<li id=\"u18055-40\">Wenn sich Ihr Kind beschwert doppelt zu sehen (tats\u00e4chlich was nur eins ist als doppelt zu sehen), ist es wichtig zu beschreiben, ob die Bilder vertikal (\u00fcbereinander), horizontal (nebeneinander) oder direkt eines als doppelt aufgeteilt sind. Vergeht das Doppelsehen, wenn Sie ein Auge schliessen? Was ist, wenn nur das andere Auge geschlossen wird?<\/li>\n<\/ul>\n<p id=\"u18055-44\">Wenn Sie glauben, dass das Auge Ihres Kindes beim Betrachten der Fotos schielt, kann es hilfreich sein, dem Arzt Beispielfotos mitzubringen, damit Ihr Arzt genau sehen kann, was Sie meinen.<\/p>\n<p id=\"u18055-46\">Das Nachdenken \u00fcber all diese Fragen (und nat\u00fcrlich Antworten) vor dem Termin hilft dem Augenarzt, den richtigen Diagnose- und Behandlungsplan zu erstellen.<\/p>\n<p id=\"u18055-49\">Ausserdem ist eine Augentropfen-Untersuchung erforderlich, wenn der Verdacht besteht, dass das Kind schielt. Die Augentropfen-Untersuchung ist nicht sehr angenehm, aber f\u00fcr die Erkennung von Augenerkrankungen zwingend erforderlich. Einige Kinder k\u00f6nnen nach der Anwendung leichtes Fieber bekommen. Daher ist es von Vorteil sicherzustellen, dass Ihr Kind keine Infektion hat, die eine Infektion der oberen Atemwege und anderes Fieber verursachen kann, auch wenn es am Tag der Augentropfen-Untersuchung mild ist, nicht zahnt und das Kind einen gesunden normalen Tag hat.<\/p>\n<p id=\"u18055-52\">Liegt ein ansteckender Zustand vor, ist es sinnvoller, die Augentropfen-Untersuchung auf einen anderen Tag zu verschieben, da sonst der Fieberanstieg das Kind aufgrund der Anwendung zu sehr erm\u00fcden kann.<\/p>\n<p id=\"u18055-55\">Das Kind nach Hause zu bringen und sich nach einer Augentropfen-Untersuchung auszuruhen, ist eine viel vern\u00fcnftigere L\u00f6sung f\u00fcr den Komfort der Familie und des Kindes. Nach der Augentropfen-Untersuchung schlage ich vor, dass sie so schnell wie m\u00f6glich nach Hause gehen und das Kind und sich selbst ohne zus\u00e4tzliche Programme ausruhen.<\/p>\n<h4>Das Schielen nach innen<\/h4>\n<p id=\"u19987-4\">Wir sehen, dass der Strabismus normalerweise nach einem Jahr beginnt. Wir wissen, dass der Grund daf\u00fcr das System ist, das w\u00e4hrend des engen Fokus, den wir Unterkunft nennen, ins Spiel kommt. Dieser Mechanismus funktioniert auch mit dem Konvergenzmechanismus, der es beiden Augen erm\u00f6glicht, sich ein wenig nach innen zu drehen, und dem Auge hilft, n\u00e4her zu fokussieren. Mit den Fehlern in der Funktionsweise dieses Systems treten allm\u00e4hlich Verschiebungen nach innen auf. Einige S\u00e4uglinge haben angeborene und kontinuierliche Verschiebungen nach innen. Bei manchen S\u00e4uglingen beginnt das Verrutschen der Augen angeboren und dann nimmt das Verrutschen der Augen mit der engen Anpassung (Akkommodation) zu.<\/p>\n<p id=\"u19987-6\">Bei F\u00e4llen beim Schielen nach innen, ist das wichtigste Detail die akribische Korrektur der Augenzahlen. Eine Augentropfen-Untersuchung muss durchgef\u00fchrt werden.<\/p>\n<h4>Das Schielen nach aussen<\/h4>\n<p id=\"u19987-12\">Die Verschiebungen der Augen nach aussen des Kindes sind in der Regel intermittierend und ziehen von Zeit zu Zeit die Aufmerksamkeit der Familie auf sich. Dies kann bemerkt werden, indem das Kind bei sonnigem Wetter oder in heller Umgebung sein gleitendes Auge spontan schliesst oder wenn das Kind m\u00fcde ist oder Fieber hat, kann das Verrutschen der Augen beobachtet werden. Ein fester Weitwinkel-Strabismus nach aussen bei S\u00e4uglingen ist sehr selten, und solche S\u00e4uglinge m\u00fcssen auf eine andere neurologische Erkrankung hin untersucht werden.<\/p>\n<p id=\"u19987-15\">Es kann auch zu einer Verschiebung nach aussen kommen, wenn die Sehschw\u00e4che tief ist und das tr\u00e4ge Auge sehr wenig sieht.<\/p>\n<h4>Unechtes Schielen<\/h4>\n<p id=\"u19987-20\">Bei einem Neugeborenen ist die Nasenwurzel abgeflacht, und die Unterschiede in der inneren Falte des Augenlids k\u00f6nnen den Anschein erwecken, dass das Auge nach innen verrutscht. Auch ein signifikanter Unterschied zwischen der Sehachse und der geometrischen Achse des Auges kann den Eindruck eines Strabismus hervorrufen. Zur Unterscheidung dieser Situation ist eine augen\u00e4rztliche Kontrolle unbedingt erforderlich.<\/p>\n<h4>KORREKTUR DES BRUCHFEHLERS UND DAS SCHIELEN<\/h4>\n<p id=\"u19987-25\">Bei dem bei Kindern auftretenden Strabismus muss der Brechungsfehler durch eine Augentropfen-Untersuchung hervorgebracht werden.<\/p>\n<h4 id=\"u19987-28\"><strong>Warum verschieben sich die Augen meines Kindes?<\/strong><\/h4>\n<p id=\"u19987-30\">Der Grund ist in der Regel nicht ein einziger. Der h\u00e4ufigste Grund ist Vererbung. Bei etwa der H\u00e4lfte der Kinder mit Schielen besteht ein \u00e4hnliches Problem bei Geschwistern, Eltern und Grosseltern. Wir wissen, dass Strabismus bei Kindern mit neurologischen Anomalien h\u00e4ufiger auftritt. Einige Krankheiten wie R\u00f6teln w\u00e4hrend der Schwangerschaft, die Einnahme bestimmter Medikamente oder der Konsum von Alkohol k\u00f6nnen die Gehirnentwicklung eines Babys beeintr\u00e4chtigen. In diesen F\u00e4llen tritt der Strabismus nicht als isolierte Anomalie auf, sondern geht mit anderen Anzeichen einer Hirnfunktionsst\u00f6rung einher. Strabismus kann bei anderen neurologischen Problemen auftreten. Dar\u00fcber hinaus k\u00f6nnen Unf\u00e4lle, Verletzungen und schwere Krankheiten zum Schielen f\u00fchren.<\/p>\n<h4 id=\"u19987-33\"><strong>Beeintr\u00e4chtigt das Schielen die Psychologie meines Kindes?<\/strong><\/h4>\n<p id=\"u19987-35\">Die schielenden Augen funktionieren nicht nur falsch, sie sehen auch anders aus. F\u00fcr andere Kinder mag ein Spielkamerad mit Strabismus \u201elustig\u201c erscheinen. Ein Kind mit dem Schielen kann ausgelacht, geh\u00e4nselt oder mit einem Spitznamen versehen werden, was sich verheerend auf das Selbstwertgef\u00fchl des Kindes auswirkt. Nach solchen Ereignissen kann ein Kind mit dem Schielen lernen, vor Menschen zu fliehen, um seine Krankheit zu vertuschen, sich selbst zu dem\u00fctigen oder sich wertlos zu f\u00fchlen. Seine Pers\u00f6nlichkeit kann sich schliesslich als sch\u00fcchtern und zur\u00fcckgezogen entwickeln. Eltern, die die Behandlung von Strabismus bei einem S\u00e4ugling mit der Erwartung verschieben, dass das Problem von selbst behoben wird, verringern nicht nur die Chancen auf eine gute Fusion, sondern gef\u00e4hrden auch ihre Kinder, emotionalem Stress ausgesetzt zu sein. Dies sind wichtige Gr\u00fcnde f\u00fcr die fr\u00fchzeitige Behandlung vom Schielen. Die Wissenschaft hat nicht vollst\u00e4ndig verstanden, inwieweit Strabismus die Entwicklung eines S\u00e4uglings verhindert. Wir wissen, dass die meisten S\u00e4uglinge mit Strabismus eine normale Entwicklung haben und zu einer normalen Intelligenz heranwachsen. Viele Augen\u00e4rzte haben jedoch pers\u00f6nliche Meldungen erhalten, dass das S\u00e4ugling unmittelbar nach der chirurgischen Korrektur der Augen einen pl\u00f6tzlichen Sprung in seinen Entwicklungsbausteinen zeigte.<\/p>\n<h4 id=\"u19987-38\"><strong>Meine dreij\u00e4hrige Tochter hat eine Sehschw\u00e4che in den Augen. Muss auch mein einj\u00e4hriger Sohn untersucht werden?<\/strong><\/h4>\n<p id=\"u19987-40\">Sehschw\u00e4che kann famili\u00e4r sein. Obwohl es ausser Ihrer Tochter keine Person mit einer Diagnose f\u00fcr Sehschw\u00e4che gibt, besteht bei Ihren anderen Kindern aufgrund der M\u00f6glichkeit einer famili\u00e4ren \u00dcbertragung ein erh\u00f6htes Risiko f\u00fcrs Schielen oder f\u00fcr eine Sehschw\u00e4che. Obwohl Ihr Sohn normal aussieht, kann eine Sehschw\u00e4che vorliegen. In diesem Fall ist eine Untersuchung erforderlich, um das Problem in Ihren Augen zu erkennen.<\/p>\n<h4 id=\"u19987-44\"><strong>Wir haben geh\u00f6rt, dass das Schielen normalerweise nach 6 Monaten beginnt, stimmt das?<\/strong><\/h4>\n<p>Ja richtig, weil das S\u00e4ugling in diesen Monaten eine st\u00e4rkere Konzentrationsf\u00e4higkeit (Anpassungsf\u00e4higkeit) hat und das visuelle Interesse allm\u00e4hlich zunimmt. Diese Erh\u00f6hung des visuellen Fokus kann dazu f\u00fchren, dass die Augen schielen, wenn das Baby hyperopisch ist. Oft f\u00e4llt das Schielen auf, wenn das Kind auf ein nahe gelegenes Objekt schaut, da die Augen st\u00e4rker fokussieren m\u00fcssen, um nahe gelegene Objekte zu betrachten.<\/p>\n<h4 id=\"u19987-49\"><strong>Wenn ich meine Tochter mit in den Park nehme, schliesst sie an sonnigen Tagen immer ein Auge. Ist das ein Problem?<\/strong><\/h4>\n<p id=\"u19987-51\">Ja, das ist eine Situation, die ernst genommen werden sollte. Blendung durch Sonnenlicht unterbricht die Verschmelzung des Kindes und l\u00f6st das Schielen aus. M\u00f6glicherweise schliesst das Kind ein Auge, um ein doppeltes Sehen aufgrund dieser Verschiebung zu verhindern. Ein Augenarzt muss \u00fcber seinen Zustand zum Arzt gebracht und aufs Schielen untersucht werden.<\/p>\n<h4 id=\"u19987-54\"><strong>Der Kopf meines Kindes ist normalerweise zur Seite geneigt. K\u00f6nnte es ein Problem mit seinen Augen geben?<\/strong><\/h4>\n<p id=\"u19987-56\">Ja, in solchen F\u00e4llen ist es n\u00fctzlich, nach senkrechter (vertikaler) Verschiebung in den Augen zu suchen. Weil das Kind m\u00f6glicherweise versucht, das Doppelsehen zu kompensieren, indem es den Kopf neigt, um dies wieder gut zumachen.<\/p>\n<h4 id=\"u19987-61\"><strong>Mein Kind schielt und ist 6 Jahre alt. Wir h\u00f6rten, dass w\u00e4hrend der Augenuntersuchung die Pupille durch Augentropfen vergr\u00f6ssert wird. Ist diese Augentropfen-Untersuchung ein Muss?<\/strong><\/h4>\n<p id=\"u19987-63\">Ja, das ist erforderlich. Die meisten Kinder (und sogar ein grosser Teil der Erwachsenen), die Probleme mit der Augenmuskulatur haben, sind nicht in der Lage, die Muskeln, die w\u00e4hrend der Untersuchung den Fokus auf die Augen legen, vollst\u00e4ndig zu entspannen. Dies kann zu fehlerhaften Auswertungen des Brechungsfehlers f\u00fchren. Dar\u00fcber hinaus erm\u00f6glichen grosse Aug\u00e4pfel, die mit Tropfen vergr\u00f6ssert sind, eine sorgf\u00e4ltige Untersuchung der Augen Ihres Kindes. Daher m\u00fcssen die meisten Patienten mit Strabismus ihre Aug\u00e4pfel f\u00fcr eine vollst\u00e4ndige Augenuntersuchung vergr\u00f6ssern.<\/p>\n<h4 id=\"u19987-66\"><strong>Mein Sohn schielt. Wir sind f\u00fcr Kontrollen st\u00e4ndig beim Augenarzt. Wie lange muss der Augapfel mit einer Augentropfen-Untersuchung vergr\u00f6ssert werden?<\/strong><\/h4>\n<p id=\"u19987-68\">In der allgemeinen Literatur wird gesagt, dass die Pupillen eines Kindes mit Schielen, einmal im Jahr vergr\u00f6ssert werden sollten. Abh\u00e4ngig von der Entwicklung Ihres Kindes kann es sein, dass Ihr Arzt zwei- oder dreimal im Jahr Tropfen verabreichen m\u00f6chte. Der Hauptzweck des Wachstums von Sch\u00fclern besteht darin, festzustellen, ob eine Brille erforderlich ist und gegebenenfalls deren genauen Werte. Das ist genauso, als wenn Ihr wachsendes Kind jedes Jahr andere Schuhgr\u00f6ssen ben\u00f6tigt und m\u00f6glicherweise die Brillenwerte auch j\u00e4hrlich \u00fcberpr\u00fcft werden m\u00fcssen.<\/p>\n<h4 id=\"u19987-71\"><strong>Ich m\u00f6chte nicht 40 Minuten in der Arztpraxis warten, bis die Wirkung der Augentropfen zeigen, dass es die Pupille vergr\u00f6\u00dfet hat. Mein Kind langweilt sich. Kann ich meinem Kind 40 Minuten vor der j\u00e4hrlichen Augenuntersuchung zu Hause Augentropfen verabreichen?<\/strong><\/h4>\n<p id=\"u19987-73\">Normalerweise nein. Einige Teile der Augenuntersuchung (Pr\u00fcfung des Sehverm\u00f6gens, Beurteilung des Gleichgewichts der Augenmuskeln und Kontrolle der Pupillenfunktion usw.) m\u00fcssen durchgef\u00fchrt werden, bevor die Pupillen Ihres Kindes aufgezogen werden. Infolgedessen muss Ihr Augenarzt Ihr Kind untersuchen, bevor die Pupillen vergr\u00f6ssert werden. Manchmal ist es f\u00fcr Patienten bequemer, die Untersuchung in zwei Teilen durchzuf\u00fchren. Bei der ersten Untersuchung kann nach einer Untersuchung, die alle Teile umfasst, bevor die Pupille vergr\u00f6ssert wird, die Untersuchung abgeschlossen werden, indem f\u00fcr eine Woche oder sp\u00e4ter an einem zweiten Untersuchungstag Tropfen auf die Aug\u00e4pfel zu Hause verabreicht werden. Dies hat zwar den Vorteil, dass Sie nicht 40 Minuten in der Arztpraxis warten m\u00fcssen, hat aber den Nachteil, dass Ihr Kind zu einer zweiten Untersuchung zur\u00fcckkommen muss, um vollst\u00e4ndige Informationen \u00fcber den Zustand seines Auges zu erhalten.<\/p>\n<h4 id=\"u19987-76\"><strong>Ich habe Amblyopie auf einem Auge und es wurde nicht als Kind behandelt. Wenn mein intaktes Auge durch einen Unfall besch\u00e4digt wird, wie gross ist die Wahrscheinlichkeit, dass sich meine Sehschw\u00e4che bessert?<\/strong><\/h4>\n<p id=\"u19987-78\">Vielleicht ist es m\u00f6glich. Dieses Problem ist noch nicht vollst\u00e4ndig gekl\u00e4rt. W\u00e4hrend es Ver\u00f6ffentlichungen gibt, die besagen, dass die Augen, die intakt, tr\u00e4ge und wenn die Augen besch\u00e4digt sind, gibt es viele Ver\u00f6ffentlichungen, die besagen, dass es keine Verbesserung gibt. Dies ist einer der Gr\u00fcnde, warum versucht wird, Sehschw\u00e4che so fr\u00fch wie m\u00f6glich zu diagnostizieren.<\/p>\n<h4 id=\"u19987-81\"><strong>In einem meiner Augen zeigte sich als Kind eine unbehandelte Sehschw\u00e4che, und das andere Auge war normal. Mein Arzt schlug vor, dass ich zum Schutz eine Brille ohne eine St\u00e4rke tragen sollte. Warum?<\/strong><\/h4>\n<p id=\"u19987-83\">Ihnen wurde geraten, vorsichtig zu sein. Denn das gesch\u00e4digte Auge einer Person kann das gesunde Auge beeintr\u00e4chtigen, was eine echte Trag\u00f6die sein kann. Und leider besteht der gr\u00f6sste Teil des erlittenen Schadens aus einfachen Unf\u00e4llen in der Umgebung des Hauses. Die Brille sch\u00fctzt das Auge mit der Sehschw\u00e4che vor Besch\u00e4digungen. Daher ist es sinnvoll, auch ohne St\u00e4rke eine Schutzbrille zu tragen.<\/p>\n<h4 id=\"u19987-86\"><strong>Mir wurde gesagt, dass mein Kind eine Sehschw\u00e4che auf einem Auge hatte und das andere Auge normal war. Der Arzt verschrieb eine Brille, aber meine Tochter will keine Brille tragen. Wenn eine Brille beim Sehen hilfreich sein soll, warum tr\u00e4gt mein Kind keine Brille?<\/strong><\/h4>\n<p id=\"u19987-88\">Die meisten F\u00e4lle, auch Kinder unter einem Jahr, m\u00f6chten eine Brille tragen, wenn sie eine Verbesserung des Sehverm\u00f6gens bewirken. Kinder, die faul sind, auf nur einem Auge zu sehen, werden nicht bemerken, dass sie verschwommen sehen, solange ihre beiden Augen offen sind. Wenn Sie jedoch das gesunde Auge Ihres M\u00e4dchens schliessen, sehen Sie den offensichtlichen Unterschied zwischen dem Sehen Ihres M\u00e4dchens mit und ohne Brille. Da Ihr Kind ein Auge ganz normal hatte und es ohne Brille perfekt sah, sah es immer mit diesem Auge, aber das andere Auge mit der Sehschw\u00e4che bemerkte es nicht. Die Brille Ihres Kindes hilft dem Auge mit der Sehschw\u00e4che. Aus diesem Grund ist es wichtig, dass Sie diesbez\u00fcglich strenger vorgehen und darauf bestehen, eine Brille zu verwenden.<\/p>\n<h4 id=\"u19987-92\"><strong>Der Arzt verschrieb meinem 1,5-j\u00e4hrigen Sohn eine Brille f\u00fcrs Schielen. Wie kann ich meinen Kind dazu bringen, dass er die ganze Zeit die Brille tr\u00e4gt?<\/strong><\/h4>\n<p>In den allermeisten F\u00e4llen tragen Kinder mit akkommodierender Esotropie gerne eine Brille und tragen weiterhin eine Brille (h\u00e4ufig eine \u00dcberraschung f\u00fcr Familien). Nur wenige Kinder brauchen Massnahmen, um dem Kind dabei zu helfen. Klebeb\u00e4nder k\u00f6nnen hilfreich sein, um die Brille in Position zu halten. Kinder ahmen auch gerne nach, sodass Familienmitglieder, die sie vor\u00fcbergehend zu Hause tragen, dem Kind auch bei der Nacheiferung und somit beim Tragen der Brille helfen k\u00f6nnen.[\/vc_column_text][vc_empty_space][\/vc_column][\/vc_row]<\/p>\n","protected":false},"excerpt":{"rendered":"<p>[vc_row][vc_column width=&#8220;1\/2&#8243;][vc_column_text] Der Arzt m\u00f6chte einige wichtige Details \u00fcber die Augenprobleme Ihres Kindes erfahren. Oft sind dies Fragen, die Sie nicht sofort beantworten k\u00f6nnen, ohne dar\u00fcber nachzudenken. Es ist ratsam, die folgenden Punkte zu beachten, bevor Sie den Augenarzt aufsuchen. Wie sind Sie auf das Problem aufmerksam geworden? Ist Ihnen oder Ihren Verwandten dies aufgefallen, [&hellip;]<\/p>\n","protected":false},"author":1,"featured_media":0,"parent":0,"menu_order":0,"comment_status":"closed","ping_status":"closed","template":"","meta":{"_links_to":"","_links_to_target":""},"_links":{"self":[{"href":"https:\/\/opdrebruacar.com\/de\/wp-json\/wp\/v2\/pages\/4378\/"}],"collection":[{"href":"https:\/\/opdrebruacar.com\/de\/wp-json\/wp\/v2\/pages\/"}],"about":[{"href":"https:\/\/opdrebruacar.com\/de\/wp-json\/wp\/v2\/types\/page\/"}],"author":[{"embeddable":true,"href":"https:\/\/opdrebruacar.com\/de\/wp-json\/wp\/v2\/users\/1\/"}],"replies":[{"embeddable":true,"href":"https:\/\/opdrebruacar.com\/de\/wp-json\/wp\/v2\/comments\/?post=4378"}],"version-history":[{"count":2,"href":"https:\/\/opdrebruacar.com\/de\/wp-json\/wp\/v2\/pages\/4378\/revisions\/"}],"predecessor-version":[{"id":4383,"href":"https:\/\/opdrebruacar.com\/de\/wp-json\/wp\/v2\/pages\/4378\/revisions\/4383\/"}],"wp:attachment":[{"href":"https:\/\/opdrebruacar.com\/de\/wp-json\/wp\/v2\/media\/?parent=4378"}],"curies":[{"name":"wp","href":"https:\/\/api.w.org\/{rel}","templated":true}]}}