

{"id":4372,"date":"2020-02-04T11:10:22","date_gmt":"2020-02-04T08:10:22","guid":{"rendered":"http:\/\/drebruacar.webfirmam.com.tr\/?page_id=4372"},"modified":"2020-02-04T11:10:22","modified_gmt":"2020-02-04T08:10:22","slug":"grauer-star","status":"publish","type":"page","link":"https:\/\/opdrebruacar.com\/de\/grauer-star\/","title":{"rendered":"GRAUER STAR"},"content":{"rendered":"<p>[vc_row][vc_column][vc_column_text]<\/p>\n<h4><strong>Was ist ein grauer Star?<\/strong><\/h4>\n<p id=\"u18286-4\">Graue Stars treten auf, wenn die Linse im Auge getr\u00fcbt ist. Anf\u00e4nglich verschlechtern die Probleme, die mit einer leichten Verringerung des Sehverm\u00f6gens und Fokussierungsproblemen begannen, allm\u00e4hlich die Sehqualit\u00e4t.<\/p>\n<h4><strong>Warum tritt ein grauer Star auf?<\/strong><\/h4>\n<p id=\"u18286-9\">Grauer Star, der sich haupts\u00e4chlich aufgrund des Alters entwickelt, kann sich auch als Folge von Nebenwirkungen wie der langfristigen Einnahme von Steroiden entwickeln, und Krankheiten wie Diabetes wirken sich auf das Auge aus. Es kann aufgrund eines Traumas auftreten. Es gibt auch angeborene Formen, die sich selten im Mutterleib entwickeln.<\/p>\n<h4>Welche Beschwerden entstehen durch einen grauen Star?<\/h4>\n<p id=\"u18286-14\">Die h\u00e4ufigsten Beschwerden sind die Ver\u00e4nderung der Anzahl der Brillen-Nummern in kurzer Zeit, die Verschlechterung der Weitsichtigkeit, der Bedarf an Brillen f\u00fcr den Nahbereich, die starken Lichter wie Autoscheinwerfer, die extrem st\u00f6ren, der Verlust der Helligkeit der Farben, eine Abnahme der Nachtsicht und das Doppelsehen.<\/p>\n<p>[\/vc_column_text][vc_row_inner][vc_column_inner width=&#8220;2\/3&#8243;][vc_column_text]<\/p>\n<h4>Wie wird der graue Star behandelt werden?<\/h4>\n<p id=\"u18287-4\">Wenn das Sehverm\u00f6gen mit dem Brillenwechsel nicht ansteigt und der graue Star das Niveau erreicht hat, das sich auf die Lebensqualit\u00e4t auswirkt, gilt als einzige Behandlung eine Operation. Heutzutage wird die grauen Stars-Operationen am h\u00e4ufigsten durch die Phakoemulsifikationsmethode (Phako-Methode) durchgef\u00fchrt. Beim Eintreten durch einen kleinen Einschnitt wird die graue Star-Linse mit Ultraschallwellen im Inneren des Auges gereinigt und anschliessend eine k\u00fcnstliche Intraokularlinse durch dieselbe Einschnittstelle eingef\u00fchrt.<\/p>\n<h4>Ist es m\u00f6glich, Brillen mit einer grauen Star-Operation loszuwerden?<\/h4>\n<p id=\"u18288-4\">Obwohl bei einer grauen Star-Operation die verschwommene Linse (grauer Star) des Patienten gereinigt und durch k\u00fcnstliche Linsen ersetzt wird, kann die Brille nach einer grauen Star-Operation ganz oder teilweise entfernt werden. Dank der heutigen Technologie kann die in das Auge eingesetzte Kunstlinse hergestellt werden, um die Brechungsfehler des Patienten zu korrigieren. Eines der Ziele der heutigen grauen Star-Chirurgie ist die Beseitigung von Sehst\u00f6rungen und die Korrektur von Brechungsfehlern wie Myopie, Hyperopie und Astigmatismus im Auge. Sein enger Defekt ist ein Zustand, der bei normalen gesunden Personen nach dem 40. Lebensjahr einsetzt.<\/p>\n<p>[\/vc_column_text][\/vc_column_inner][vc_column_inner width=&#8220;1\/3&#8243;][vc_single_image image=&#8220;3928&#8243; img_size=&#8220;full&#8220;][\/vc_column_inner][\/vc_row_inner][\/vc_column][\/vc_row][vc_row][vc_column][vc_column_text]<\/p>\n<h4>Welche Patienten eignen sich f\u00fcr Multifokallinsen?<\/h4>\n<p id=\"u18288-9\">Obwohl multifokale Linsen theoretisch sehr vorteilhaft erscheinen, sind sie m\u00f6glicherweise nicht f\u00fcr jeden Patienten geeignet. Nach der Operation kann es zu Lichth\u00f6fen in der N\u00e4he von Scheinwerfern (z. B. Lampen), zu Problemen bei der Einstellung in mittleren Abst\u00e4nden, sowie zu Streuung und Blendung bei Lichtern wie Sonnenlicht oder Autoscheinwerfern kommen. Diese Beschwerden sind gr\u00f6sstenteils vor\u00fcbergehend und werden voraussichtlich innerhalb von 3 bis 6 Monaten zur\u00fcckgehen. Bei einigen Patienten k\u00f6nnen diese Beschwerden dauerhaft sein. Es wurde berichtet, dass diese Beschwerden gelindert wurden und die Probleme mit der mittleren Entfernung mit den in den letzten Jahren entwickelten Trifokallinsen verringert wurden. Das wichtigste Thema bei Multifokallinsen ist die Patientenauswahl.<\/p>\n<h4>Angemessene Patientenkriterien f\u00fcr Multifokallinsen (Patienten mit besseren Ergebnissen, obwohl keine definitive Indikation vorliegt)<\/h4>\n<ul>\n<li id=\"u18289-4\">Diejenigen, die ein starkes Verlangen haben, Brillen loszuwerden<\/li>\n<li>Mehr &#8222;sorglose&#8220; Menschen, die nicht zu kritisch sind<\/li>\n<li id=\"u18289-8\">Diejenigen, die nicht die Erwartung einer sehr scharfen Nah- und Fernsicht haben<\/li>\n<li id=\"u18289-10\">Die mit Hyperopie oder sehr hohem myopischem Brechungsfehler<\/li>\n<\/ul>\n<h4>Patientenkriterien, die f\u00fcr Multifokallinsen als negativ angesehen werden k\u00f6nnen (Patienten die m\u00f6glicherweise unzufrieden, aber nicht sicher sind)<\/h4>\n<ul>\n<li id=\"u18289-15\">Patienten, die sich nach der Operation keine Gedanken \u00fcber die Verwendung einer Brille machen und nicht darauf abzielen, die Brille loszuwerden<\/li>\n<li id=\"u18289-17\">Menschen, die sehr kritisch sind und unrealistische Erwartungen haben<\/li>\n<li>Diejenigen, die eine sehr scharfe Erwartung von Nah- und Fernsicht haben<\/li>\n<li id=\"u18289-21\">Menschen, die zuvor Myopie hatten (die Nahsicht dieser Patienten ist im Allgemeinen sehr gut und die Sehqualit\u00e4t mit einer Multifokallinse kann unter den Erwartungen liegen)<\/li>\n<li id=\"u18289-23\">Diejenigen, die nachts Auto fahren und an Computern arbeiten m\u00fcssen<\/li>\n<li id=\"u18289-25\">Patienten mit Sehst\u00f6rungen (Gelber Fleck, diabetesbedingtes Makulaschwellungen usw.)<\/li>\n<\/ul>\n<p id=\"u18289-28\">Eine graue Star-Operation mit Multifokal- \/ Trifokallinse ist eine \u00e4usserst n\u00fctzliche Methode mit hoher Patientenzufriedenheit, wenn ein geeigneter Patient ausgew\u00e4hlt wird. Die Patientenauswahl ist hier jedoch ein wichtiger Faktor.<\/p>\n<p>[\/vc_column_text][vc_empty_space][\/vc_column][\/vc_row]<\/p>\n","protected":false},"excerpt":{"rendered":"<p>[vc_row][vc_column][vc_column_text] Was ist ein grauer Star? Graue Stars treten auf, wenn die Linse im Auge getr\u00fcbt ist. Anf\u00e4nglich verschlechtern die Probleme, die mit einer leichten Verringerung des Sehverm\u00f6gens und Fokussierungsproblemen begannen, allm\u00e4hlich die Sehqualit\u00e4t. Warum tritt ein grauer Star auf? Grauer Star, der sich haupts\u00e4chlich aufgrund des Alters entwickelt, kann sich auch als Folge von [&hellip;]<\/p>\n","protected":false},"author":1,"featured_media":0,"parent":0,"menu_order":0,"comment_status":"closed","ping_status":"closed","template":"","meta":{"_links_to":"","_links_to_target":""},"_links":{"self":[{"href":"https:\/\/opdrebruacar.com\/de\/wp-json\/wp\/v2\/pages\/4372\/"}],"collection":[{"href":"https:\/\/opdrebruacar.com\/de\/wp-json\/wp\/v2\/pages\/"}],"about":[{"href":"https:\/\/opdrebruacar.com\/de\/wp-json\/wp\/v2\/types\/page\/"}],"author":[{"embeddable":true,"href":"https:\/\/opdrebruacar.com\/de\/wp-json\/wp\/v2\/users\/1\/"}],"replies":[{"embeddable":true,"href":"https:\/\/opdrebruacar.com\/de\/wp-json\/wp\/v2\/comments\/?post=4372"}],"version-history":[{"count":2,"href":"https:\/\/opdrebruacar.com\/de\/wp-json\/wp\/v2\/pages\/4372\/revisions\/"}],"predecessor-version":[{"id":4377,"href":"https:\/\/opdrebruacar.com\/de\/wp-json\/wp\/v2\/pages\/4372\/revisions\/4377\/"}],"wp:attachment":[{"href":"https:\/\/opdrebruacar.com\/de\/wp-json\/wp\/v2\/media\/?parent=4372"}],"curies":[{"name":"wp","href":"https:\/\/api.w.org\/{rel}","templated":true}]}}