

{"id":4364,"date":"2020-02-04T11:02:50","date_gmt":"2020-02-04T08:02:50","guid":{"rendered":"http:\/\/drebruacar.webfirmam.com.tr\/?page_id=4364"},"modified":"2020-02-13T14:58:23","modified_gmt":"2020-02-13T11:58:23","slug":"diabetes-und-das-auge-diabetische-retinopathie","status":"publish","type":"page","link":"https:\/\/opdrebruacar.com\/de\/diabetes-und-das-auge-diabetische-retinopathie\/","title":{"rendered":"DIABETES UND DAS AUGE (DIABETISCHE RETINOPATHIE)"},"content":{"rendered":"<p>[vc_row][vc_column width=&#8220;1\/2&#8243;][vc_column_text]<\/p>\n<h4>Diabetes und das Auge<\/h4>\n<p id=\"u3241-4\">Diabetische Retinopathie ist eine Krankheit, die auftritt, wenn Diabetes die Gef\u00e4ssstruktur in der Netzhautschicht zerst\u00f6rt. Der fl\u00fcssige Teil des Blutes in der Vene kann austreten und mit fortschreitender Krankheit kommt es zu abnormalen Gef\u00e4ssneubildungen auf der Netzhautoberfl\u00e4che. Wir sehen, dass die Retinopathie normalerweise beide Augen zusammen betrifft.<\/p>\n<p id=\"u3241-7\">Die diabetische Retinopathie besteht aus vier Stadien: mild, mittelschwer, schwer und proliferativ.<\/p>\n<p id=\"u3241-10\">Durch diabetische Retinopathie gesch\u00e4digte Blutgef\u00e4sse verursachen auf zwei Arten einen Sehverlust:<\/p>\n<ul>\n<li id=\"u3241-13\">Es kann leicht zu Blutungen kommen, es k\u00f6nnen sich abnormale Blutgef\u00e4sse entwickeln und es kommt zu Unsch\u00e4rfen beim Sehen als Folge dieser Blutungen am Auge.<\/li>\n<li id=\"u3241-16\">Der fl\u00fcssige Teil des Blutes aus den Blutgef\u00e4ssw\u00e4nden, der durch Diabetes beeintr\u00e4chtigt wird, kann in die Mitte der Makula (gelber Fleck) austreten, wo scharfes und zentrales Sehen auftritt. Auslaufende Fl\u00fcssigkeit f\u00fchrt zu Schwellungen in der Makula und verschwommenem Sehen. Dieser Zustand wird Makulaschwellung genannt. Aus diesem Grund ist es f\u00fcr Diabetiker von Vorteil, mindestens einmal im Jahr eine umfassende Fundusuntersuchung des erweiterten Sch\u00fclers durchf\u00fchren zu lassen.<\/li>\n<\/ul>\n<p id=\"u3241-19\">Diabetische Retinopathie w\u00e4hrend der Schwangerschaft kann ein Problem f\u00fcr schwangere Frauen mit Diabetes sein. Zum Schutz des Sehverm\u00f6gens ist es f\u00fcr alle diabetisch schwangeren Frauen von Vorteil, sobald wie m\u00f6glich eine detaillierte Augenuntersuchung durchzuf\u00fchren. Zus\u00e4tzliche Tests k\u00f6nnen von Ihrem Arzt w\u00e4hrend der Schwangerschaft angefordert werden.<\/p>\n<p>[\/vc_column_text][\/vc_column][vc_column width=&#8220;1\/2&#8243;][vc_single_image image=&#8220;4118&#8243; img_size=&#8220;full&#8220; alignment=&#8220;center&#8220;][vc_single_image image=&#8220;4119&#8243; img_size=&#8220;full&#8220; alignment=&#8220;center&#8220;][\/vc_column][\/vc_row][vc_row][vc_column][vc_column_text]<\/p>\n<p id=\"u3241-22\">Studien an Patienten mit Diabetes zeigen, dass eine gute Kontrolle des Blutzuckers das Auftreten und Fortschreiten einer Retinopathie verlangsamt. Nieren- und Nervenerkrankungen sind auch bei Diabetes-Patienten seltener, die den Blutzucker so nahe wie m\u00f6glich an den normalen Grenzwerten halten k\u00f6nnen.<\/p>\n<p id=\"u3241-25\">Einige andere Studien haben gezeigt, dass das Risiko eines Sehverlusts durch die Korrektur von hohem Armblutdruck und Cholesterinspiegel verringert werden kann. Wenn Sie diese korrigieren, sch\u00fctzen Sie Ihr Sehverm\u00f6gen und Ihre allgemeine Gesundheit.<\/p>\n<h4>Vorbeugung gegen diabetische Retinopathie:<\/h4>\n<p id=\"u3241-31\">Der beste Weg, um das Fortschreiten der diabetischen Retinopathie zu vermeiden, ist eine regelm\u00e4ssige, umfassende Augenuntersuchung. Es kann empfohlen werden, dass der Diabetiker mindestens einmal im Jahr eine Augenuntersuchung durchf\u00fchrt. Patienten mit fortgeschrittener Retinopathie m\u00fcssen m\u00f6glicherweise h\u00e4ufiger \u00fcberwacht werden. Patienten mit Sehst\u00f6rungen sollten dies unverz\u00fcglich Ihrem Arzt melden.<\/p>\n<p>Neben der regelm\u00e4ssigen Augenuntersuchung ist es wichtig, den Blutzucker unter Kontrolle zu halten, um einen Sehverlust vorzubeugen. Laut der Diabetes Complication Control-Studie k\u00f6nnen dreit\u00e4gige Insulintests das Fortschreiten der diabetischen Retinopathie um 76% reduzieren.[\/vc_column_text][\/vc_column][\/vc_row]<\/p>\n","protected":false},"excerpt":{"rendered":"<p>[vc_row][vc_column width=&#8220;1\/2&#8243;][vc_column_text] Diabetes und das Auge Diabetische Retinopathie ist eine Krankheit, die auftritt, wenn Diabetes die Gef\u00e4ssstruktur in der Netzhautschicht zerst\u00f6rt. Der fl\u00fcssige Teil des Blutes in der Vene kann austreten und mit fortschreitender Krankheit kommt es zu abnormalen Gef\u00e4ssneubildungen auf der Netzhautoberfl\u00e4che. Wir sehen, dass die Retinopathie normalerweise beide Augen zusammen betrifft. Die diabetische [&hellip;]<\/p>\n","protected":false},"author":1,"featured_media":0,"parent":0,"menu_order":0,"comment_status":"closed","ping_status":"closed","template":"","meta":{"_links_to":"","_links_to_target":""},"_links":{"self":[{"href":"https:\/\/opdrebruacar.com\/de\/wp-json\/wp\/v2\/pages\/4364\/"}],"collection":[{"href":"https:\/\/opdrebruacar.com\/de\/wp-json\/wp\/v2\/pages\/"}],"about":[{"href":"https:\/\/opdrebruacar.com\/de\/wp-json\/wp\/v2\/types\/page\/"}],"author":[{"embeddable":true,"href":"https:\/\/opdrebruacar.com\/de\/wp-json\/wp\/v2\/users\/1\/"}],"replies":[{"embeddable":true,"href":"https:\/\/opdrebruacar.com\/de\/wp-json\/wp\/v2\/comments\/?post=4364"}],"version-history":[{"count":3,"href":"https:\/\/opdrebruacar.com\/de\/wp-json\/wp\/v2\/pages\/4364\/revisions\/"}],"predecessor-version":[{"id":4501,"href":"https:\/\/opdrebruacar.com\/de\/wp-json\/wp\/v2\/pages\/4364\/revisions\/4501\/"}],"wp:attachment":[{"href":"https:\/\/opdrebruacar.com\/de\/wp-json\/wp\/v2\/media\/?parent=4364"}],"curies":[{"name":"wp","href":"https:\/\/api.w.org\/{rel}","templated":true}]}}