

{"id":4355,"date":"2020-02-04T10:58:23","date_gmt":"2020-02-04T07:58:23","guid":{"rendered":"http:\/\/drebruacar.webfirmam.com.tr\/?page_id=4355"},"modified":"2020-02-13T14:48:58","modified_gmt":"2020-02-13T11:48:58","slug":"aesthetik-der-augenpartie","status":"publish","type":"page","link":"https:\/\/opdrebruacar.com\/de\/aesthetik-der-augenpartie\/","title":{"rendered":"\u00c4STHETIK DER AUGENPARTIE (Blepharoplastik)"},"content":{"rendered":"<p>[vc_row][vc_column][vc_column_text]<\/p>\n<h4>Wo entsteht das h\u00e4ufigste Herabh\u00e4ngen der Augenlider?<\/h4>\n<p>Eines der h\u00e4ufigsten Probleme, die wir um die Augen herum sehen, ist das obere Augenlid. Einer der h\u00e4ufigsten Gr\u00fcnde f\u00fcr unsere Patienten sich mit uns in Verbindung zu setzen ist, dass sich die Make-up-Linie bei Frauen aufgrund des Herabh\u00e4ngens der oberen Augenlider, was somit die Wimpern ber\u00fchrt, verschlechtert und bei M\u00e4nnern die Augen w\u00e4hrend der Arbeit und beim Lesen schnell m\u00fcde werden. Wenn wir uns die oberen Augenlider ansehen, sehen wir, dass die Haut des Augenlids aufgrund der Schwerkraft nach unten sinkt, wie bei anderen Bereichen auch, die mit der Zeit entstehen. In einigen F\u00e4llen kann diese Erschlaffung mit Hernien des oberen Fettgewebes einhergehen.<\/p>\n<h4>Welche Art von Problemen verursacht das Herabh\u00e4ngen des Augenlids?<\/h4>\n<p id=\"u2500-9\">Wir sehen, dass unsere Patienten, die versuchen, das Schliessen der Augenlider zu verhindern, unn\u00f6tigerweise ihre Stirnmuskeln beanspruchen und versuchen, das Gewicht der oberen Augenlider durch Anheben ihrer Augenbrauen zu entfernen. Der unn\u00f6tige Einsatz der Stirnmuskeln auf diese Weise f\u00fchrt zu einer raschen Erm\u00fcdung und verk\u00fcrzt die Arbeits- und Lesezeit, und manchmal kann bei einer Person mit zu sehr angehebten Augenbrauen ein unangenehmer Ausdruck \u201cdes Staunens\u201d auftreten. Dar\u00fcber hinaus k\u00f6nnen beim st\u00e4ndigen Versuch, die Augenbrauen anzuheben, Querstreifen in den Stirnmuskeln und als Folge davon tiefe Falten und ein uraltes und m\u00fcdes Aussehen auftreten.<\/p>\n<p>[\/vc_column_text][vc_row_inner][vc_column_inner width=&#8220;2\/3&#8243;][vc_column_text]<\/p>\n<h4>Kann es Situationen geben, in der das Herabh\u00e4ngen oberer Augenlider imitiert werden kann?<\/h4>\n<p>In einigen F\u00e4llen sehen wir tiefliegende Augenbrauen, die ein Herabh\u00e4ngen des oberen Augenlids imitieren. Obwohl sich die oberen Augenlider tats\u00e4chlich in der normalen Linie befinden, kann ein unechtes Herabh\u00e4ngen der oberen Augenlider erscheinen, wenn die Augenbrauenlinie nach unten f\u00e4llt. Oder das niedrige Augenlid kann mit einer niedrigen Augenbraue beobachtet werden. In diesem Fall ist es sehr wichtig, die Diagnose richtig zu stellen und zu unterscheiden welcher um wieviel Prozent drunter oder dr\u00fcber liegt.<\/p>\n<h4>Was sind die Probleme mit den unteren Augenlidern?<\/h4>\n<p id=\"u2500-19\">Wenn wir zum unteren Augenlid kommen, k\u00f6nnen wir hier ein herabh\u00e4ngen des Fettgewebes und der Haut sehen. Aufgrund der Fettgewebe-Hernien im Unterlid kann es m\u00f6glich sein, die Rille zwischen Wange und Auge, die wir als Tr\u00e4nenrille bezeichnen, mit der Zeit zu vertiefen. Dies sind vor allem die Probleme der mittleren Altersgruppe. Im Allgemeinen kann bei \u00e4lteren Patienten das L\u00f6sen der unteren Deckel und das Drehen der Klappe nach innen oder aussen mit dem Ereignis einhergehen. Dies kann zu einer Reihe von Problemen f\u00fchren, die von w\u00e4ssrigem Stechen, Brennen und R\u00f6tung in den Augen der Patienten, \u00fcber ein schlechtes Aussehen aufgrund eines \u00fcberm\u00e4ssigen Auftretens des weissen Bereiches der Augen, bis zu Infektionen aufgrund von Wimpern, die die Hornhaut im Auge kratzen, reichen.<\/p>\n<h4>Gibt es Dinge, die ich vor der Operation beachten sollte?<\/h4>\n<p id=\"u2500-24\">Es ist wichtig, dass unsere Patienten Ihre blutverd\u00fcnnenden Medikamente absetzen, indem sie sich vor etwa einer Woche mit Ihren \u00c4rzten in Verbindung setzen, um sowohl die Blutung w\u00e4hrend der Operation als auch die Schwellungen und die Bluterg\u00fcsse nach der Operation zu verringern. Andernfalls k\u00f6nnen Blutschwellungen und Bluterg\u00fcsse, die nach der Operation aus den Wundlippen austreten, verst\u00e4rkt werden.<\/p>\n<p>Was soll ich nach der Operation tun, wenn ich nach Hause gehe?<\/p>\n<p id=\"u2500-29\">Am ersten Tag der Operation empfehlen wir Ihnen, speziell eine Eisbehandlung anzuwenden und den Kopf beim Schlafen etwas anzuheben. Wasser darf die operierten Bereiche nicht ber\u00fchren. Daher sollte der Operationsbereich um die Augen beim Duschen gesch\u00fctzt werden. Wenn m\u00f6glich, empfehlen wir, die Haare beim Friseur zu waschen, damit sich kein Wasser um die Augen sammelt. Es gibt kein Problem mit dem Waschen des K\u00f6rpers.<\/p>\n<h4>Wann kann ich wieder arbeiten gehen?<\/h4>\n<p id=\"u2500-34\">Wir entfernen die Naht unserer Patienten am 7. Tag, in der Regel k\u00f6nnen viele unserer Patienten am Ende der ersten Woche wieder arbeiten gehen.<\/p>\n<p>[\/vc_column_text][\/vc_column_inner][vc_column_inner width=&#8220;1\/3&#8243;][vc_single_image image=&#8220;3910&#8243; img_size=&#8220;full&#8220; alignment=&#8220;center&#8220;][vc_single_image image=&#8220;4113&#8243; img_size=&#8220;full&#8220; alignment=&#8220;center&#8220;][vc_single_image image=&#8220;3911&#8243; img_size=&#8220;full&#8220;][vc_single_image image=&#8220;4115&#8243; img_size=&#8220;full&#8220;][\/vc_column_inner][\/vc_row_inner][\/vc_column][\/vc_row]<\/p>\n","protected":false},"excerpt":{"rendered":"<p>[vc_row][vc_column][vc_column_text] Wo entsteht das h\u00e4ufigste Herabh\u00e4ngen der Augenlider? Eines der h\u00e4ufigsten Probleme, die wir um die Augen herum sehen, ist das obere Augenlid. Einer der h\u00e4ufigsten Gr\u00fcnde f\u00fcr unsere Patienten sich mit uns in Verbindung zu setzen ist, dass sich die Make-up-Linie bei Frauen aufgrund des Herabh\u00e4ngens der oberen Augenlider, was somit die Wimpern ber\u00fchrt, [&hellip;]<\/p>\n","protected":false},"author":1,"featured_media":0,"parent":0,"menu_order":0,"comment_status":"closed","ping_status":"closed","template":"","meta":{"_links_to":"","_links_to_target":""},"_links":{"self":[{"href":"https:\/\/opdrebruacar.com\/de\/wp-json\/wp\/v2\/pages\/4355\/"}],"collection":[{"href":"https:\/\/opdrebruacar.com\/de\/wp-json\/wp\/v2\/pages\/"}],"about":[{"href":"https:\/\/opdrebruacar.com\/de\/wp-json\/wp\/v2\/types\/page\/"}],"author":[{"embeddable":true,"href":"https:\/\/opdrebruacar.com\/de\/wp-json\/wp\/v2\/users\/1\/"}],"replies":[{"embeddable":true,"href":"https:\/\/opdrebruacar.com\/de\/wp-json\/wp\/v2\/comments\/?post=4355"}],"version-history":[{"count":2,"href":"https:\/\/opdrebruacar.com\/de\/wp-json\/wp\/v2\/pages\/4355\/revisions\/"}],"predecessor-version":[{"id":4363,"href":"https:\/\/opdrebruacar.com\/de\/wp-json\/wp\/v2\/pages\/4355\/revisions\/4363\/"}],"wp:attachment":[{"href":"https:\/\/opdrebruacar.com\/de\/wp-json\/wp\/v2\/media\/?parent=4355"}],"curies":[{"name":"wp","href":"https:\/\/api.w.org\/{rel}","templated":true}]}}