

{"id":4349,"date":"2020-02-04T10:53:05","date_gmt":"2020-02-04T07:53:05","guid":{"rendered":"http:\/\/drebruacar.webfirmam.com.tr\/?page_id=4349"},"modified":"2020-02-13T14:54:16","modified_gmt":"2020-02-13T11:54:16","slug":"augenuntersuchung","status":"publish","type":"page","link":"https:\/\/opdrebruacar.com\/de\/augenuntersuchung\/","title":{"rendered":"AUGENUNTERSUCHUNG"},"content":{"rendered":"<p>[vc_row][vc_column][vc_row_inner][vc_column_inner][vc_column_text]Die Routinekontrollen f\u00fcr Kinder beginnen im Neugeborenenalter und dauern bis zum 18. Lebensjahr. Insbesondere im ersten Monat der Neugeborenenperiode ist die Augenuntersuchung sowohl f\u00fcr die Erkennung angeborener \u201cgrauer Stars\u201d, von Strabismus, Glaukom, Augenlidanomalien als auch f\u00fcr die Fr\u00fcherkennung von Ductusobstruktionen unerl\u00e4sslich. Der 6-Monats- und Ein-Jahres-Check des S\u00e4uglings sollte von einem Augenarzt durchgef\u00fchrt werden, der Augenkontakt, die Augenbewegungen, die Augenzahlen, der Rotreflextest und die Augenlider des S\u00e4uglings sollten auf eine Anomalie untersucht werden. Einer der Hauptzwecke dieser Untersuchungen ist es, das S\u00e4ugling davor zu sch\u00fctzen, geschw\u00e4cht zu sehen. Andere sind in der Lage, angeborene \u201cgraue Stars\u201d, Glaukome und L\u00e4sionen zu erkennen, die den Raum im Glask\u00f6rper einnehmen und zeitlich eingreifen zu k\u00f6nnen.[\/vc_column_text][vc_column_text]<\/p>\n<h4>Augenprobleme im Kindesalter<\/h4>\n<p>Viele Gesundheitsprobleme k\u00f6nnen wahrscheinlich auch Erbungen sein.<\/p>\n<ul>\n<li>Werden die Augen im Laufe der Zeit schielend? Ist an den Augen \u201cschielen\u201d vorhanden?<\/li>\n<li id=\"u2474-12\">Es wird gesagt, dass man nicht gut sieht, man reibt sich die Augen oder man blinzelt zu viel?<\/li>\n<li id=\"u2474-14\">Kehrt man m\u00fcde von der Schule zur\u00fcck, hat Kopfschmerzen oder einem ist schwindelig?<\/li>\n<li>Wenn man nicht lange lesen kann, die Zeile verliert und muss man das gleiche?<\/li>\n<li>Wenn der Lehrer sagt, dass die Buchstaben durcheinander gebracht werden und man sich nicht erinnern kann, was man gelesen hat?<\/li>\n<\/ul>\n<p id=\"u2474-20\">Kinder mit diesen Beschwerden sollten zum Augenarzt gebracht werden.<\/p>\n<h4>Wie wird die Augenuntersuchung bei Kindern durchgef\u00fchrt?<\/h4>\n<p>Was macht ein Augenarzt?<\/p>\n<ul>\n<li id=\"u2474-27\">Es werden die Fern- und Nahsichtdefekte des Kindes gemessen. Dabei verwendet man Bilder bei Kindern im Vorschulalter und ab 6 Jahren Buchstaben.<\/li>\n<li id=\"u2474-29\">Es wird beurteilt, ob beim Kind das Schielen vorliegt.<\/li>\n<li id=\"u2474-31\">Es wird beurteilt, ob ein Sehproblem vorliegt (z.B. angeborener grauer Star, angeborener Augeninnendruck).<\/li>\n<li id=\"u2474-33\">M\u00f6glicherweise muss man den Kindern zur Vergr\u00f6sserung der Pupillen, f\u00fcr erneute Messungen, Augentropfen am Auge tropfen lassen.<\/li>\n<\/ul>\n<p>[\/vc_column_text][\/vc_column_inner][\/vc_row_inner][\/vc_column][\/vc_row][vc_row][vc_column][vc_column_text]<\/p>\n<h4>Was ist w\u00e4hrend und nach der Augentropfen-Untersuchung zu beachten?<\/h4>\n<p id=\"u2474-38\">Wenn es Ihr Arzt f\u00fcr notwendig h\u00e4lt, ist es m\u00f6glich, dass der Arzt Augentropfen am Auge Ihres Kindes benutzen wird, um eine Untersuchung durchf\u00fchren zu k\u00f6nnen. Dies ist eine Form der Untersuchung, um einen Teil des Anpassungsprozesses, den wir als Unterkunft bezeichnen, zu entfernen und nur ihre reellen Nummern zu erreichen. Ihr Kind wird keine Schmerzen sp\u00fchren, indem die Augentropfen angewendet werden.<\/p>\n<p>Augentropfen-Untersuchungen bei Kindern mit Grippeinfektion und Fieber sollten verschoben werden, bis diese Bedingungen erf\u00fcllt sind.<\/p>\n<h4>Was ist eine Sehschw\u00e4che (Amblyopie)?<\/h4>\n<p>Sehschw\u00e4che (Amblyopie) ist eine Krankheit, das durch die Unf\u00e4higkeit des Sehzentrums im Gehirn verursacht wird, sich von einem fr\u00fchen Alter an aufgrund unzureichender visueller Reize entwickelt. Fassen wir die Ursachen der Tr\u00e4gheit unter einigen Haupt\u00fcberschriften zusammen;<\/p>\n<ol>\n<li id=\"u2474-50\">Die h\u00e4ufigste Gruppe ist die visuelle Tr\u00e4gheit, aufgrund von Brechungsfehlern. Eine hohe Zahl auf einem Auge f\u00fchrt zu Unsch\u00e4rfen im Sehverm\u00f6gen. Visuelle Reize von zwei verschiedenen Augen verursachen Verwirrung im visuellen Zentrum und das Gehirn bevorzugt es, das klarere Sehen wahrzunehmen. Dies ist keine bewusste Entscheidung, es ist eigentlich nur eine Art und Weise, wie das Gehirn \u00fcberlebt. Die kontinuierliche Verwendung von Reizen desselben Auges in einem sich entwickelnden und wachsenden System bewirkt jedoch eine einseitige Stimulation des visuellen Systems. Wenn das visuelle Zentrum im Gehirn stimuliert wird, werden die Netzwerke zwischen den Neuronen, die das Sehen erm\u00f6glichen, ausgel\u00f6st und das Sehen beginnt zuzunehmen. Folglich bleibt das Sehzentrum auf der Seite, die die gebrochenen und unscharfen Augen nicht stimulieren k\u00f6nnen, als Entwicklung zur\u00fcck. Dies bedeutet, dass die Sicht auf der Seite, die gewarnt wird, mit der Zeit allm\u00e4hlich zunimmt, die Sicht auf der Seite, die nicht gewarnt wird, sich jedoch nicht verbessert. Eine visuelle Sehschw\u00e4che, die schon in jungen Jahren aufgefangen und behandelt werden kann, erm\u00f6glicht das Verst\u00e4ndnis der Wahrnehmung von Tiefe und drei Dimensionen.<\/li>\n<li>Ein weiterer Grund ist, dass das Auge von der ersten Geburt an geschlossen bleibt. Dies kann als unzureichende Sonneneinstrahlung durch ein geschlossenes Fenster angesehen werden. Der geschlossene Zustand tritt am h\u00e4ufigsten bei angeborenen Klappenabbr\u00fcchen auf, die wir als angeborene Ptosis bezeichnen. Seltener k\u00f6nnen angeborene oder sp\u00e4ter entwickelte Klappenmassen, die sich auf der Klappe befinden, dasselbe Problem entwickeln. Da das Augenlid niedrig ist und das S\u00e4ugling das Augenlid nicht anheben kann, wenn es dies w\u00fcnscht, wird der visuelle Reiz nicht wieder auf dieses Auge \u00fcbertragen, und da das Sehzentrum im Gehirn nicht ausreichend stimuliert wird, kann sich aus den oben erl\u00e4uterten Gr\u00fcnden eine Sehschw\u00e4che entwickeln. Daher sollte die geringe Ventilh\u00f6he nicht nur als \u00e4sthetisches Problem wahrgenommen werden. S\u00e4uglinge sollten auch im Hinblick auf Amliopien bewertet werden.<\/li>\n<li>Strabismus ist eine weitere Ursache f\u00fcr Sehschw\u00e4che. Das Kind mit dem Schielen kann sein Gleitauge in der Regel nicht ausreichend einsetzen, daher wird das rutschfeste Auge zum Sehen bevorzugt. Da sich die neuronalen Netzwerke im visuellen Zentrum, die das gleitende Auge stimuliert, nicht ausreichend entwickeln k\u00f6nnen, ist das Sehen in diesem Auge eingeschr\u00e4nkt. Strabismus korrigiert auch Augenzahlen (Brechungsfehler), falls vorhanden, und hilft dem Gehirn, korrekte und ad\u00e4quate Sehsignale an die Augen zu senden. Das bedeutet einfach: Ein Kind mit einer Strabismusoperation muss m\u00f6glicherweise eine Brille tragen, damit sich nach dem parallelen Sehen der Augen bei einer Sehst\u00f6rung das Sehverm\u00f6gen ausreichend entwickeln und die Sehschw\u00e4che verhindert werden kann. Wenn der Augenarzt die Verwendung einer Brille nach der Strabismus-Operation empfiehlt, sollte dem Kind aufjedenfall eine Brille zur Verf\u00fcgung gestellt werden, die Familie sollte die Brille nicht vergessen, nur weil sich das Schielen verbessert hat.<\/li>\n<li>Andere weniger h\u00e4ufige Ursachen f\u00fcr Sehschw\u00e4che sind angeborene graue Stars, Sehst\u00f6rungen der Hornhaut und Tr\u00fcbungen der Sehachse. In F\u00e4llen, in denen die Transparenz auf der visuellen Achse beeintr\u00e4chtigt ist, kann es vorkommen, dass die visuelle Tr\u00e4gheit den visuellen Kortex nicht erreicht und sich eine visuelle Tr\u00e4gheit entwickelt.<\/li>\n<\/ol>\n<p id=\"u2474-68\">Die von Ihrem Arzt empfohlene h\u00e4ufige Untersuchung Ihres Kindes ist sehr wichtig, nachdem eine Sehschw\u00e4che diagnostiziert wurde. Bleiben Sie in Kontakt mit Ihrem Arzt. Die Sehschw\u00e4che \u00a0ist eine Krankheit, dass durch die Geduld der Familie und Unterst\u00fctzung f\u00fcr das Kind leichter behandelt werden kann.<\/p>\n<p>[\/vc_column_text][vc_single_image image=&#8220;4498&#8243; img_size=&#8220;full&#8220; alignment=&#8220;center&#8220;][vc_empty_space][\/vc_column][\/vc_row]<\/p>\n","protected":false},"excerpt":{"rendered":"<p>[vc_row][vc_column][vc_row_inner][vc_column_inner][vc_column_text]Die Routinekontrollen f\u00fcr Kinder beginnen im Neugeborenenalter und dauern bis zum 18. Lebensjahr. Insbesondere im ersten Monat der Neugeborenenperiode ist die Augenuntersuchung sowohl f\u00fcr die Erkennung angeborener \u201cgrauer Stars\u201d, von Strabismus, Glaukom, Augenlidanomalien als auch f\u00fcr die Fr\u00fcherkennung von Ductusobstruktionen unerl\u00e4sslich. Der 6-Monats- und Ein-Jahres-Check des S\u00e4uglings sollte von einem Augenarzt durchgef\u00fchrt werden, der Augenkontakt, [&hellip;]<\/p>\n","protected":false},"author":1,"featured_media":0,"parent":0,"menu_order":20,"comment_status":"closed","ping_status":"closed","template":"","meta":{"_links_to":"","_links_to_target":""},"_links":{"self":[{"href":"https:\/\/opdrebruacar.com\/de\/wp-json\/wp\/v2\/pages\/4349\/"}],"collection":[{"href":"https:\/\/opdrebruacar.com\/de\/wp-json\/wp\/v2\/pages\/"}],"about":[{"href":"https:\/\/opdrebruacar.com\/de\/wp-json\/wp\/v2\/types\/page\/"}],"author":[{"embeddable":true,"href":"https:\/\/opdrebruacar.com\/de\/wp-json\/wp\/v2\/users\/1\/"}],"replies":[{"embeddable":true,"href":"https:\/\/opdrebruacar.com\/de\/wp-json\/wp\/v2\/comments\/?post=4349"}],"version-history":[{"count":3,"href":"https:\/\/opdrebruacar.com\/de\/wp-json\/wp\/v2\/pages\/4349\/revisions\/"}],"predecessor-version":[{"id":4500,"href":"https:\/\/opdrebruacar.com\/de\/wp-json\/wp\/v2\/pages\/4349\/revisions\/4500\/"}],"wp:attachment":[{"href":"https:\/\/opdrebruacar.com\/de\/wp-json\/wp\/v2\/media\/?parent=4349"}],"curies":[{"name":"wp","href":"https:\/\/api.w.org\/{rel}","templated":true}]}}